{"id":22360,"date":"2022-12-06T14:50:09","date_gmt":"2022-12-06T13:50:09","guid":{"rendered":"https:\/\/www.easterngraphics.com\/?page_id=22360"},"modified":"2024-06-12T09:17:50","modified_gmt":"2024-06-12T07:17:50","slug":"support-en","status":"publish","type":"page","link":"https:\/\/www.easterngraphics.com\/tr\/support-en\/","title":{"rendered":"Support TR"},"content":{"rendered":"\t\t<div data-elementor-type=\"wp-page\" data-elementor-id=\"22360\" class=\"elementor elementor-22360 elementor-11478\" data-elementor-settings=\"{&quot;ha_cmc_init_switcher&quot;:&quot;no&quot;}\" data-elementor-post-type=\"page\">\n\t\t\t\t<div class=\"elementor-element elementor-element-54c6553 e-flex e-con-boxed e-con e-parent\" data-id=\"54c6553\" data-element_type=\"container\" data-e-type=\"container\" data-settings=\"{&quot;_ha_eqh_enable&quot;:false}\">\n\t\t\t\t\t<div class=\"e-con-inner\">\n\t\t\t\t<div class=\"elementor-element elementor-element-55fbe06 elementor-widget elementor-widget-spacer\" data-id=\"55fbe06\" data-element_type=\"widget\" data-e-type=\"widget\" data-widget_type=\"spacer.default\">\n\t\t\t\t<div class=\"elementor-widget-container\">\n\t\t\t\t\t\t\t<div class=\"elementor-spacer\">\n\t\t\t<div class=\"elementor-spacer-inner\"><\/div>\n\t\t<\/div>\n\t\t\t\t\t\t<\/div>\n\t\t\t\t<\/div>\n\t\t<div class=\"elementor-element elementor-element-6c76e5e e-con-full e-flex e-con e-child\" data-id=\"6c76e5e\" data-element_type=\"container\" data-e-type=\"container\" data-settings=\"{&quot;_ha_eqh_enable&quot;:false}\">\n\t\t<div class=\"elementor-element elementor-element-815919d e-flex e-con-boxed e-con e-child\" data-id=\"815919d\" data-element_type=\"container\" data-e-type=\"container\" data-settings=\"{&quot;_ha_eqh_enable&quot;:false}\">\n\t\t\t\t\t<div class=\"e-con-inner\">\n\t\t\t\t<div class=\"elementor-element elementor-element-3b9db58 elementor-widget elementor-widget-heading\" data-id=\"3b9db58\" data-element_type=\"widget\" data-e-type=\"widget\" data-widget_type=\"heading.default\">\n\t\t\t\t<div class=\"elementor-widget-container\">\n\t\t\t\t\t<h2 class=\"elementor-heading-title elementor-size-default\">Sizin sorular\u0131n\u0131z - Bizim deste\u011fimiz<\/h2>\t\t\t\t<\/div>\n\t\t\t\t<\/div>\n\t\t\t\t<div class=\"elementor-element elementor-element-8a5ee22 elementor-widget elementor-widget-text-editor\" data-id=\"8a5ee22\" data-element_type=\"widget\" data-e-type=\"widget\" data-widget_type=\"text-editor.default\">\n\t\t\t\t<div class=\"elementor-widget-container\">\n\t\t\t\t\t\t\t\t\t<p style=\"text-align: center;\">Amac\u0131m\u0131z, yaz\u0131l\u0131m\u0131m\u0131z\u0131n g\u00fcnl\u00fck kullan\u0131m\u0131nda size en uygun deste\u011fi sa\u011flamakt\u0131r.<\/p><div class=\"ewa-rteLine\" style=\"text-align: center;\">Herhangi bir sorunuz veya<br \/>probleminiz oldu\u011funda, uzmanlar\u0131m\u0131z size yard\u0131mc\u0131 olmaktan mutluluk duyacakt\u0131r. Do\u011fru cevab\u0131 bulman\u0131za yard\u0131mc\u0131 olaca\u011f\u0131z.<\/div>\t\t\t\t\t\t\t\t<\/div>\n\t\t\t\t<\/div>\n\t\t\t\t<div class=\"elementor-element elementor-element-9970da5 elementor-widget elementor-widget-spacer\" data-id=\"9970da5\" data-element_type=\"widget\" data-e-type=\"widget\" data-widget_type=\"spacer.default\">\n\t\t\t\t<div class=\"elementor-widget-container\">\n\t\t\t\t\t\t\t<div class=\"elementor-spacer\">\n\t\t\t<div class=\"elementor-spacer-inner\"><\/div>\n\t\t<\/div>\n\t\t\t\t\t\t<\/div>\n\t\t\t\t<\/div>\n\t\t<div class=\"elementor-element elementor-element-2bfb65e e-flex e-con-boxed e-con e-child\" data-id=\"2bfb65e\" data-element_type=\"container\" data-e-type=\"container\" data-settings=\"{&quot;_ha_eqh_enable&quot;:false}\">\n\t\t\t\t\t<div class=\"e-con-inner\">\n\t\t<div class=\"elementor-element elementor-element-ad0ce73 e-flex e-con-boxed e-con e-child\" data-id=\"ad0ce73\" data-element_type=\"container\" data-e-type=\"container\" data-settings=\"{&quot;_ha_eqh_enable&quot;:false}\">\n\t\t\t\t\t<div class=\"e-con-inner\">\n\t\t\t\t<div class=\"elementor-element elementor-element-77e3545 elementor-widget elementor-widget-heading\" data-id=\"77e3545\" data-element_type=\"widget\" data-e-type=\"widget\" data-widget_type=\"heading.default\">\n\t\t\t\t<div class=\"elementor-widget-container\">\n\t\t\t\t\t<h3 class=\"elementor-heading-title elementor-size-default\">Sat\u0131\u015f ortaklar\u0131m\u0131z\u0131n m\u00fc\u015fterileri<\/h3>\t\t\t\t<\/div>\n\t\t\t\t<\/div>\n\t\t\t\t<div class=\"elementor-element elementor-element-20eebaa elementor-widget elementor-widget-text-editor\" data-id=\"20eebaa\" data-element_type=\"widget\" data-e-type=\"widget\" data-widget_type=\"text-editor.default\">\n\t\t\t\t<div class=\"elementor-widget-container\">\n\t\t\t\t\t\t\t\t\t<p style=\"text-align: center;\">\u015eirketinizden sorumlu i\u015f orta\u011f\u0131n\u0131z s\u00f6zle\u015fmeleriniz ve sekt\u00f6r\u00fcn\u00fcz hakk\u0131nda bilgi sahibidir ve size m\u00fcmk\u00fcn olan en iyi deste\u011fi sa\u011flayabilir. L\u00fctfen do\u011frudan onlarla ileti\u015fime ge\u00e7in.<\/p>\t\t\t\t\t\t\t\t<\/div>\n\t\t\t\t<\/div>\n\t\t\t\t<div class=\"elementor-element elementor-element-2e09bf6 elementor-widget elementor-widget-image\" data-id=\"2e09bf6\" data-element_type=\"widget\" data-e-type=\"widget\" data-widget_type=\"image.default\">\n\t\t\t\t<div class=\"elementor-widget-container\">\n\t\t\t\t\t\t\t\t\t\t\t\t\t\t\t<img decoding=\"async\" src=\"https:\/\/www.easterngraphics.com\/wp-content\/uploads\/elementor\/thumbs\/International_Final_4k_Fog-min-pzatveibf5w4kn6jxosltw8lzsgzklzi7scufjfdws.png\" title=\"EasternGraphics International\" alt=\"EasternGraphics International\" loading=\"lazy\" \/>\t\t\t\t\t\t\t\t\t\t\t\t\t\t\t<\/div>\n\t\t\t\t<\/div>\n\t\t\t\t\t<\/div>\n\t\t\t\t<\/div>\n\t\t<div class=\"elementor-element elementor-element-10a4a44 e-flex e-con-boxed e-con e-child\" data-id=\"10a4a44\" data-element_type=\"container\" data-e-type=\"container\" data-settings=\"{&quot;_ha_eqh_enable&quot;:false}\">\n\t\t\t\t\t<div class=\"e-con-inner\">\n\t\t\t\t<div class=\"elementor-element elementor-element-36554ef elementor-widget elementor-widget-heading\" data-id=\"36554ef\" data-element_type=\"widget\" data-e-type=\"widget\" data-widget_type=\"heading.default\">\n\t\t\t\t<div class=\"elementor-widget-container\">\n\t\t\t\t\t<h3 class=\"elementor-heading-title elementor-size-default\">EasternGraphics T\u00fcrkiye M\u00fc\u015fterileri<\/h3>\t\t\t\t<\/div>\n\t\t\t\t<\/div>\n\t\t\t\t<div class=\"elementor-element elementor-element-20d0c8c elementor-widget elementor-widget-text-editor\" data-id=\"20d0c8c\" data-element_type=\"widget\" data-e-type=\"widget\" data-widget_type=\"text-editor.default\">\n\t\t\t\t<div class=\"elementor-widget-container\">\n\t\t\t\t\t\t\t\t\t<p style=\"text-align: center;\">L\u00fctfen e-posta yoluyla ileti\u015fime ge\u00e7in. Destek ekibimiz t\u00fcm sorular\u0131n\u0131z\u0131 yan\u0131tlayacakt\u0131r: <a href=\"mailto:info-tr@easterngraphics.com\" target=\"_blank\" rel=\"noopener\"><strong>info-tr@easterngraphics.com<\/strong><\/a><\/p><br>\t\t\t\t\t\t\t\t<\/div>\n\t\t\t\t<\/div>\n\t\t\t\t<div class=\"elementor-element elementor-element-e1276b3 elementor-widget elementor-widget-image\" data-id=\"e1276b3\" data-element_type=\"widget\" data-e-type=\"widget\" data-widget_type=\"image.default\">\n\t\t\t\t<div class=\"elementor-widget-container\">\n\t\t\t\t\t\t\t\t\t\t\t\t\t\t\t<img decoding=\"async\" src=\"https:\/\/www.easterngraphics.com\/wp-content\/uploads\/elementor\/thumbs\/close-up-female-student-typing-laptop-table-min-scaled-pzduefhwv8bgqu08n0tmegy3u18b51m4ds0jhgfsq4.jpg\" title=\"EasternGraphics Destek\" alt=\"EasternGraphics Destek\" loading=\"lazy\" \/>\t\t\t\t\t\t\t\t\t\t\t\t\t\t\t<\/div>\n\t\t\t\t<\/div>\n\t\t\t\t\t<\/div>\n\t\t\t\t<\/div>\n\t\t\t\t\t<\/div>\n\t\t\t\t<\/div>\n\t\t\t\t<div class=\"elementor-element elementor-element-eb2e2f5 elementor-widget elementor-widget-spacer\" data-id=\"eb2e2f5\" data-element_type=\"widget\" data-e-type=\"widget\" data-widget_type=\"spacer.default\">\n\t\t\t\t<div class=\"elementor-widget-container\">\n\t\t\t\t\t\t\t<div class=\"elementor-spacer\">\n\t\t\t<div class=\"elementor-spacer-inner\"><\/div>\n\t\t<\/div>\n\t\t\t\t\t\t<\/div>\n\t\t\t\t<\/div>\n\t\t\t\t<div class=\"elementor-element elementor-element-0ee7702 elementor-widget-divider--view-line elementor-widget elementor-widget-divider\" data-id=\"0ee7702\" data-element_type=\"widget\" data-e-type=\"widget\" data-widget_type=\"divider.default\">\n\t\t\t\t<div class=\"elementor-widget-container\">\n\t\t\t\t\t\t\t<div class=\"elementor-divider\">\n\t\t\t<span class=\"elementor-divider-separator\">\n\t\t\t\t\t\t<\/span>\n\t\t<\/div>\n\t\t\t\t\t\t<\/div>\n\t\t\t\t<\/div>\n\t\t<div class=\"elementor-element elementor-element-2c77886 e-flex e-con-boxed e-con e-child\" data-id=\"2c77886\" data-element_type=\"container\" data-e-type=\"container\" data-settings=\"{&quot;_ha_eqh_enable&quot;:false}\">\n\t\t\t\t\t<div class=\"e-con-inner\">\n\t\t\t\t<div class=\"elementor-element elementor-element-babb7fd elementor-widget elementor-widget-heading\" data-id=\"babb7fd\" data-element_type=\"widget\" data-e-type=\"widget\" data-widget_type=\"heading.default\">\n\t\t\t\t<div class=\"elementor-widget-container\">\n\t\t\t\t\t<h2 class=\"elementor-heading-title elementor-size-default\">D\u00fc\u015f\u00fcnceleriniz bizim i\u00e7in \u00f6nemli<\/h2>\t\t\t\t<\/div>\n\t\t\t\t<\/div>\n\t\t\t\t<div class=\"elementor-element elementor-element-c38b736 elementor-widget elementor-widget-text-editor\" data-id=\"c38b736\" data-element_type=\"widget\" data-e-type=\"widget\" data-widget_type=\"text-editor.default\">\n\t\t\t\t<div class=\"elementor-widget-container\">\n\t\t\t\t\t\t\t\t\t<p style=\"text-align: center;\">\u00dcr\u00fcnlerimizi ve hizmetlerimizi s\u00fcrekli olarak geli\u015ftiriyoruz. L\u00fctfen \u00f6nerilerinizi, fikirlerinizi ve isteklerinizi bize bildirmekten \u00e7ekinmeyin. L\u00fctfen geri bildirimlerinizi <a href=\"mailto:info-tr@easterngraphics.com\" target=\"_blank\" rel=\"noopener\">info-tr@easterngraphics.com<\/a> adresine g\u00f6nderin.<\/p>\t\t\t\t\t\t\t\t<\/div>\n\t\t\t\t<\/div>\n\t\t\t\t\t<\/div>\n\t\t\t\t<\/div>\n\t\t\t\t\t<\/div>\n\t\t\t\t<\/div>\n\t\t\t\t<\/div>\n\t\t\t\t<div class=\"elementor-element elementor-element-9a791fd elementor-widget elementor-widget-spacer\" data-id=\"9a791fd\" data-element_type=\"widget\" data-e-type=\"widget\" data-widget_type=\"spacer.default\">\n\t\t\t\t<div class=\"elementor-widget-container\">\n\t\t\t\t\t\t\t<div class=\"elementor-spacer\">\n\t\t\t<div class=\"elementor-spacer-inner\"><\/div>\n\t\t<\/div>\n\t\t\t\t\t\t<\/div>\n\t\t\t\t<\/div>\n\t\t\t\t\t<\/div>\n\t\t\t\t<\/div>\n\t\t<div class=\"elementor-element elementor-element-1736836 e-con-full e-flex e-con e-parent\" data-id=\"1736836\" data-element_type=\"container\" data-e-type=\"container\" data-settings=\"{&quot;background_background&quot;:&quot;classic&quot;,&quot;_ha_eqh_enable&quot;:false}\">\n\t\t<div class=\"elementor-element elementor-element-9205ca5 e-con-full e-flex e-con e-child\" data-id=\"9205ca5\" data-element_type=\"container\" data-e-type=\"container\" data-settings=\"{&quot;background_background&quot;:&quot;classic&quot;,&quot;_ha_eqh_enable&quot;:false}\">\n\t\t<div class=\"elementor-element elementor-element-2c2a330 e-con-full e-flex e-con e-child\" data-id=\"2c2a330\" data-element_type=\"container\" data-e-type=\"container\" data-settings=\"{&quot;_ha_eqh_enable&quot;:false}\">\n\t\t\t\t<div class=\"elementor-element elementor-element-a4f8d2d elementor-widget elementor-widget-heading\" data-id=\"a4f8d2d\" data-element_type=\"widget\" data-e-type=\"widget\" data-widget_type=\"heading.default\">\n\t\t\t\t<div class=\"elementor-widget-container\">\n\t\t\t\t\t<h2 class=\"elementor-heading-title elementor-size-large\">Arad\u0131\u011f\u0131n\u0131z \u015feyi bulamad\u0131n\u0131z m\u0131?<\/h2>\t\t\t\t<\/div>\n\t\t\t\t<\/div>\n\t\t\t\t<div class=\"elementor-element elementor-element-5d83d32 elementor-widget elementor-widget-text-editor\" data-id=\"5d83d32\" data-element_type=\"widget\" data-e-type=\"widget\" data-widget_type=\"text-editor.default\">\n\t\t\t\t<div class=\"elementor-widget-container\">\n\t\t\t\t\t\t\t\t\t<p style=\"text-align: center;\">Bize yazmaktan \u00e7ekinmeyin.<\/p>\t\t\t\t\t\t\t\t<\/div>\n\t\t\t\t<\/div>\n\t\t\t\t<div class=\"elementor-element elementor-element-a4d1b83 elementor-widget elementor-widget-text-editor\" data-id=\"a4d1b83\" data-element_type=\"widget\" data-e-type=\"widget\" data-widget_type=\"text-editor.default\">\n\t\t\t\t<div class=\"elementor-widget-container\">\n\t\t\t\t\t\t\t\t\t<div class=\"ewa-rteLine\" style=\"text-align: center;\">Pazartesi &#8211; Cuma 9:00 &#8211; 18:00<\/div><div>\u00a0<\/div><div style=\"text-align: center;\"><a href=\"mailto:info-tr@easterngraphics.com\" target=\"_blank\" rel=\"noopener\">info-tr@easterngraphics.com<\/a><\/div>\t\t\t\t\t\t\t\t<\/div>\n\t\t\t\t<\/div>\n\t\t\t\t<\/div>\n\t\t\t\t<\/div>\n\t\t\t\t<\/div>\n\t\t\t\t<\/div>\n\t\t","protected":false},"excerpt":{"rendered":"<p>Sizin sorular\u0131n\u0131z &#8211; Bizim deste\u011fimiz Amac\u0131m\u0131z, yaz\u0131l\u0131m\u0131m\u0131z\u0131n g\u00fcnl\u00fck kullan\u0131m\u0131nda size en uygun deste\u011fi sa\u011flamakt\u0131r. Herhangi bir sorunuz veyaprobleminiz oldu\u011funda, uzmanlar\u0131m\u0131z size yard\u0131mc\u0131 olmaktan mutluluk duyacakt\u0131r. Do\u011fru cevab\u0131 bulman\u0131za yard\u0131mc\u0131 olaca\u011f\u0131z. Sat\u0131\u015f ortaklar\u0131m\u0131z\u0131n m\u00fc\u015fterileri \u015eirketinizden sorumlu i\u015f orta\u011f\u0131n\u0131z s\u00f6zle\u015fmeleriniz ve sekt\u00f6r\u00fcn\u00fcz hakk\u0131nda bilgi sahibidir ve size m\u00fcmk\u00fcn olan en iyi deste\u011fi sa\u011flayabilir. L\u00fctfen do\u011frudan onlarla ileti\u015fime [&hellip;]<\/p>\n","protected":false},"author":2,"featured_media":0,"parent":0,"menu_order":0,"comment_status":"closed","ping_status":"closed","template":"","meta":{"footnotes":""},"class_list":["post-22360","page","type-page","status-publish","hentry"],"_links":{"self":[{"href":"https:\/\/www.easterngraphics.com\/tr\/wp-json\/wp\/v2\/pages\/22360","targetHints":{"allow":["GET"]}}],"collection":[{"href":"https:\/\/www.easterngraphics.com\/tr\/wp-json\/wp\/v2\/pages"}],"about":[{"href":"https:\/\/www.easterngraphics.com\/tr\/wp-json\/wp\/v2\/types\/page"}],"author":[{"embeddable":true,"href":"https:\/\/www.easterngraphics.com\/tr\/wp-json\/wp\/v2\/users\/2"}],"replies":[{"embeddable":true,"href":"https:\/\/www.easterngraphics.com\/tr\/wp-json\/wp\/v2\/comments?post=22360"}],"version-history":[{"count":22,"href":"https:\/\/www.easterngraphics.com\/tr\/wp-json\/wp\/v2\/pages\/22360\/revisions"}],"predecessor-version":[{"id":22591,"href":"https:\/\/www.easterngraphics.com\/tr\/wp-json\/wp\/v2\/pages\/22360\/revisions\/22591"}],"wp:attachment":[{"href":"https:\/\/www.easterngraphics.com\/tr\/wp-json\/wp\/v2\/media?parent=22360"}],"curies":[{"name":"wp","href":"https:\/\/api.w.org\/{rel}","templated":true}]}}