{"id":3005,"date":"2022-11-10T10:12:18","date_gmt":"2022-11-10T09:12:18","guid":{"rendered":"https:\/\/www.easterngraphics.com\/?page_id=3005"},"modified":"2026-03-19T13:33:32","modified_gmt":"2026-03-19T12:33:32","slug":"geotrust-true-businessid-wildcard-zertifikat","status":"publish","type":"page","link":"https:\/\/www.easterngraphics.com\/de\/geotrust-true-businessid-wildcard-zertifikat\/","title":{"rendered":"GeoTrust\u00ae &#8211; True BusinessID Wildcard Zertifikat"},"content":{"rendered":"\t\t<div data-elementor-type=\"wp-page\" data-elementor-id=\"3005\" class=\"elementor elementor-3005\" data-elementor-settings=\"{&quot;ha_cmc_init_switcher&quot;:&quot;no&quot;}\" data-elementor-post-type=\"page\">\n\t\t\t\t<div class=\"elementor-element elementor-element-b2684c3 e-flex e-con-boxed e-con e-parent\" data-id=\"b2684c3\" data-element_type=\"container\" data-e-type=\"container\" data-settings=\"{&quot;_ha_eqh_enable&quot;:false}\">\n\t\t\t\t\t<div class=\"e-con-inner\">\n\t\t\t\t<div class=\"elementor-element elementor-element-4e9ddf9 elementor-widget elementor-widget-spacer\" data-id=\"4e9ddf9\" data-element_type=\"widget\" data-e-type=\"widget\" data-widget_type=\"spacer.default\">\n\t\t\t\t<div class=\"elementor-widget-container\">\n\t\t\t\t\t\t\t<div class=\"elementor-spacer\">\n\t\t\t<div class=\"elementor-spacer-inner\"><\/div>\n\t\t<\/div>\n\t\t\t\t\t\t<\/div>\n\t\t\t\t<\/div>\n\t\t<div class=\"elementor-element elementor-element-4f116b9 e-flex e-con-boxed e-con e-child\" data-id=\"4f116b9\" data-element_type=\"container\" data-e-type=\"container\" data-settings=\"{&quot;_ha_eqh_enable&quot;:false}\">\n\t\t\t\t\t<div class=\"e-con-inner\">\n\t\t<div class=\"elementor-element elementor-element-5753788 e-con-full e-flex e-con e-child\" data-id=\"5753788\" data-element_type=\"container\" data-e-type=\"container\" data-settings=\"{&quot;_ha_eqh_enable&quot;:false}\">\n\t\t\t\t<div class=\"elementor-element elementor-element-13be10c elementor-widget elementor-widget-heading\" data-id=\"13be10c\" data-element_type=\"widget\" data-e-type=\"widget\" data-widget_type=\"heading.default\">\n\t\t\t\t<div class=\"elementor-widget-container\">\n\t\t\t\t\t<h2 class=\"elementor-heading-title elementor-size-default\">GeoTrust\u00ae - True BusinessID Wildcard Zertifikat<\/h2>\t\t\t\t<\/div>\n\t\t\t\t<\/div>\n\t\t\t\t<div class=\"elementor-element elementor-element-512ddce elementor-widget elementor-widget-text-editor\" data-id=\"512ddce\" data-element_type=\"widget\" data-e-type=\"widget\" data-widget_type=\"text-editor.default\">\n\t\t\t\t<div class=\"elementor-widget-container\">\n\t\t\t\t\t\t\t\t\t<p class=\"bodytext\">Das GeoTrust True BusinessID Wildcard Zertifikat wurde speziell f\u00fcr diejenigen Unternehmen entwickelt, die neben der eigentlichen &#8222;Haus&#8220;-Domain noch zahlreiche weitere Subdomains absichern m\u00f6chten.<\/p><p class=\"bodytext\">Dieses sog. Platzhalter-Zertifikat hilft Ihnen, sensible Informationen zu sch\u00fctzen, wenn sich Ihre Kunden, Gesch\u00e4ftspartner und Ihre Angestellten online mit Ihnen verbinden. Es erm\u00f6glicht gleichzeitig eine hohe Verschl\u00fcsselung sowie die Authentifizierung aller im Unternehmen vorhandenen Server.<\/p><p class=\"bodytext\">Jedes Zertifikat beinhaltet ein dynamisches GeoTrust True Site Seal mit Ihrem Firmennamen und Echtzeitdatum\/-zeit. Wenn die Kunden Ihres Online-Services dieses Siegel sehen und Ihren Namen abgleichen, dann haben sie mehr Vertrauen in die \u00dcbertragungen und Ihre Dienstleistungen.<\/p>\t\t\t\t\t\t\t\t<\/div>\n\t\t\t\t<\/div>\n\t\t\t\t<div class=\"elementor-element elementor-element-8c0e612 elementor-widget elementor-widget-spacer\" data-id=\"8c0e612\" data-element_type=\"widget\" data-e-type=\"widget\" data-widget_type=\"spacer.default\">\n\t\t\t\t<div class=\"elementor-widget-container\">\n\t\t\t\t\t\t\t<div class=\"elementor-spacer\">\n\t\t\t<div class=\"elementor-spacer-inner\"><\/div>\n\t\t<\/div>\n\t\t\t\t\t\t<\/div>\n\t\t\t\t<\/div>\n\t\t\t\t<\/div>\n\t\t<div class=\"elementor-element elementor-element-8611ccf e-flex e-con-boxed e-con e-child\" data-id=\"8611ccf\" data-element_type=\"container\" data-e-type=\"container\" data-settings=\"{&quot;_ha_eqh_enable&quot;:false}\">\n\t\t\t\t\t<div class=\"e-con-inner\">\n\t\t<div class=\"elementor-element elementor-element-90b89e8 e-flex e-con-boxed e-con e-child\" data-id=\"90b89e8\" data-element_type=\"container\" data-e-type=\"container\" data-settings=\"{&quot;_ha_eqh_enable&quot;:false}\">\n\t\t\t\t\t<div class=\"e-con-inner\">\n\t\t\t\t<div class=\"elementor-element elementor-element-6ed83e9 elementor-widget elementor-widget-heading\" data-id=\"6ed83e9\" data-element_type=\"widget\" data-e-type=\"widget\" data-widget_type=\"heading.default\">\n\t\t\t\t<div class=\"elementor-widget-container\">\n\t\t\t\t\t<h2 class=\"elementor-heading-title elementor-size-default\">Umfassende Authentifikation f\u00fcr alle Domainnamen<\/h2>\t\t\t\t<\/div>\n\t\t\t\t<\/div>\n\t\t\t\t<div class=\"elementor-element elementor-element-791aba3 elementor-widget elementor-widget-text-editor\" data-id=\"791aba3\" data-element_type=\"widget\" data-e-type=\"widget\" data-widget_type=\"text-editor.default\">\n\t\t\t\t<div class=\"elementor-widget-container\">\n\t\t\t\t\t\t\t\t\t<p class=\"bodytext\">Die Organisation, ihre Hauptdomain und alle weiteren Sub\u00addomain\u00adNamen werden vollst\u00e4ndig authentifiziert. Mit einem Zertifikat kann eine unbegrenzte Anzahl von Serverlizenzen mit Hilfe der starken 256-Bit-Verschl\u00fcsselung abgesichert werden.<\/p><p class=\"bodytext\">True BusinessID Wildcard Zertifikate bieten SSL-Sicherheit f\u00fcr eine unbegrenzte Anzahl von Hostnamen auf einer einzigen Dom\u00e4ne.<\/p>\t\t\t\t\t\t\t\t<\/div>\n\t\t\t\t<\/div>\n\t\t\t\t\t<\/div>\n\t\t\t\t<\/div>\n\t\t<div class=\"elementor-element elementor-element-1610c0a e-flex e-con-boxed e-con e-child\" data-id=\"1610c0a\" data-element_type=\"container\" data-e-type=\"container\" data-settings=\"{&quot;_ha_eqh_enable&quot;:false}\">\n\t\t\t\t\t<div class=\"e-con-inner\">\n\t\t<div class=\"elementor-element elementor-element-d9e032b e-con-full e-flex e-con e-child\" data-id=\"d9e032b\" data-element_type=\"container\" data-e-type=\"container\" data-settings=\"{&quot;_ha_eqh_enable&quot;:false}\">\n\t\t\t\t<div class=\"elementor-element elementor-element-662f851 elementor-widget elementor-widget-heading\" data-id=\"662f851\" data-element_type=\"widget\" data-e-type=\"widget\" data-widget_type=\"heading.default\">\n\t\t\t\t<div class=\"elementor-widget-container\">\n\t\t\t\t\t<h4 class=\"elementor-heading-title elementor-size-default\">Akzeptierte Domain-Formate<\/h4>\t\t\t\t<\/div>\n\t\t\t\t<\/div>\n\t\t\t\t<div class=\"elementor-element elementor-element-e82d202 elementor-widget elementor-widget-text-editor\" data-id=\"e82d202\" data-element_type=\"widget\" data-e-type=\"widget\" data-widget_type=\"text-editor.default\">\n\t\t\t\t<div class=\"elementor-widget-container\">\n\t\t\t\t\t\t\t\t\t<p>Voller Domainname<\/p>\t\t\t\t\t\t\t\t<\/div>\n\t\t\t\t<\/div>\n\t\t\t\t<\/div>\n\t\t<div class=\"elementor-element elementor-element-dd93bbb e-flex e-con-boxed e-con e-child\" data-id=\"dd93bbb\" data-element_type=\"container\" data-e-type=\"container\" data-settings=\"{&quot;_ha_eqh_enable&quot;:false}\">\n\t\t\t\t\t<div class=\"e-con-inner\">\n\t\t\t\t<div class=\"elementor-element elementor-element-8e46af8 elementor-widget elementor-widget-heading\" data-id=\"8e46af8\" data-element_type=\"widget\" data-e-type=\"widget\" data-widget_type=\"heading.default\">\n\t\t\t\t<div class=\"elementor-widget-container\">\n\t\t\t\t\t<h4 class=\"elementor-heading-title elementor-size-default\">Beispiel<\/h4>\t\t\t\t<\/div>\n\t\t\t\t<\/div>\n\t\t\t\t<div class=\"elementor-element elementor-element-c93e087 elementor-widget elementor-widget-text-editor\" data-id=\"c93e087\" data-element_type=\"widget\" data-e-type=\"widget\" data-widget_type=\"text-editor.default\">\n\t\t\t\t<div class=\"elementor-widget-container\">\n\t\t\t\t\t\t\t\t\t<p>*.fullyqualname.com<\/p>\t\t\t\t\t\t\t\t<\/div>\n\t\t\t\t<\/div>\n\t\t\t\t\t<\/div>\n\t\t\t\t<\/div>\n\t\t\t\t\t<\/div>\n\t\t\t\t<\/div>\n\t\t\t\t\t<\/div>\n\t\t\t\t<\/div>\n\t\t\t\t\t<\/div>\n\t\t\t\t<\/div>\n\t\t\t\t<div class=\"elementor-element elementor-element-de1091a elementor-widget-divider--view-line elementor-widget elementor-widget-divider\" data-id=\"de1091a\" data-element_type=\"widget\" data-e-type=\"widget\" data-widget_type=\"divider.default\">\n\t\t\t\t<div class=\"elementor-widget-container\">\n\t\t\t\t\t\t\t<div class=\"elementor-divider\">\n\t\t\t<span class=\"elementor-divider-separator\">\n\t\t\t\t\t\t<\/span>\n\t\t<\/div>\n\t\t\t\t\t\t<\/div>\n\t\t\t\t<\/div>\n\t\t<div class=\"elementor-element elementor-element-e534ab9 e-flex e-con-boxed e-con e-child\" data-id=\"e534ab9\" data-element_type=\"container\" data-e-type=\"container\" data-settings=\"{&quot;_ha_eqh_enable&quot;:false}\">\n\t\t\t\t\t<div class=\"e-con-inner\">\n\t\t\t\t<div class=\"elementor-element elementor-element-06ff9ad elementor-widget elementor-widget-heading\" data-id=\"06ff9ad\" data-element_type=\"widget\" data-e-type=\"widget\" data-widget_type=\"heading.default\">\n\t\t\t\t<div class=\"elementor-widget-container\">\n\t\t\t\t\t<h2 class=\"elementor-heading-title elementor-size-default\"><a href=\"https:\/\/certs.easterngraphics.com\/de\/formular.html?no_cache=1&#038;tx_egrcerts2_pi1%5BpModelKey%5D=TRUEBIZIDWC&#038;tx_egrcerts2_pi1%5Baction%5D=csr&#038;tx_egrcerts2_pi1%5Bcontroller%5D=Products\" target=\"_blank\">Zertifikat beantragen<\/a><\/h2>\t\t\t\t<\/div>\n\t\t\t\t<\/div>\n\t\t\t\t\t<\/div>\n\t\t\t\t<\/div>\n\t\t\t\t<div class=\"elementor-element elementor-element-f29fb22 elementor-widget-divider--view-line elementor-widget elementor-widget-divider\" data-id=\"f29fb22\" data-element_type=\"widget\" data-e-type=\"widget\" data-widget_type=\"divider.default\">\n\t\t\t\t<div class=\"elementor-widget-container\">\n\t\t\t\t\t\t\t<div class=\"elementor-divider\">\n\t\t\t<span class=\"elementor-divider-separator\">\n\t\t\t\t\t\t<\/span>\n\t\t<\/div>\n\t\t\t\t\t\t<\/div>\n\t\t\t\t<\/div>\n\t\t\t\t<div class=\"elementor-element elementor-element-5aeeb20 elementor-widget elementor-widget-spacer\" data-id=\"5aeeb20\" data-element_type=\"widget\" data-e-type=\"widget\" data-widget_type=\"spacer.default\">\n\t\t\t\t<div class=\"elementor-widget-container\">\n\t\t\t\t\t\t\t<div class=\"elementor-spacer\">\n\t\t\t<div class=\"elementor-spacer-inner\"><\/div>\n\t\t<\/div>\n\t\t\t\t\t\t<\/div>\n\t\t\t\t<\/div>\n\t\t\t\t\t<\/div>\n\t\t\t\t<\/div>\n\t\t<div class=\"elementor-element elementor-element-3433d49 e-con-full e-flex e-con e-parent\" data-id=\"3433d49\" data-element_type=\"container\" data-e-type=\"container\" data-settings=\"{&quot;background_background&quot;:&quot;classic&quot;,&quot;_ha_eqh_enable&quot;:false}\">\n\t\t<div class=\"elementor-element elementor-element-23c399d e-con-full e-flex e-con e-child\" data-id=\"23c399d\" data-element_type=\"container\" data-e-type=\"container\" data-settings=\"{&quot;background_background&quot;:&quot;classic&quot;,&quot;_ha_eqh_enable&quot;:false}\">\n\t\t<div class=\"elementor-element elementor-element-ca7ab4e e-con-full e-flex e-con e-child\" data-id=\"ca7ab4e\" data-element_type=\"container\" data-e-type=\"container\" data-settings=\"{&quot;_ha_eqh_enable&quot;:false}\">\n\t\t\t\t<div class=\"elementor-element elementor-element-73e2fa7 elementor-widget elementor-widget-heading\" data-id=\"73e2fa7\" data-element_type=\"widget\" data-e-type=\"widget\" data-widget_type=\"heading.default\">\n\t\t\t\t<div class=\"elementor-widget-container\">\n\t\t\t\t\t<h2 class=\"elementor-heading-title elementor-size-large\">Sie haben Fragen?<\/h2>\t\t\t\t<\/div>\n\t\t\t\t<\/div>\n\t\t\t\t<div class=\"elementor-element elementor-element-1f244ff elementor-widget elementor-widget-text-editor\" data-id=\"1f244ff\" data-element_type=\"widget\" data-e-type=\"widget\" data-widget_type=\"text-editor.default\">\n\t\t\t\t<div class=\"elementor-widget-container\">\n\t\t\t\t\t\t\t\t\t<p style=\"text-align: center;\">Kontaktieren Sie uns gerne.<\/p>\t\t\t\t\t\t\t\t<\/div>\n\t\t\t\t<\/div>\n\t\t\t\t<div class=\"elementor-element elementor-element-7c33fee fluentform-widget-submit-button-custom elementor-widget elementor-widget-fluent-form-widget\" data-id=\"7c33fee\" data-element_type=\"widget\" data-e-type=\"widget\" data-widget_type=\"fluent-form-widget.default\">\n\t\t\t\t<div class=\"elementor-widget-container\">\n\t\t\t\t\t\n            <div class=\"fluentform-widget-wrapper fluentform-widget-custom-radio-checkbox fluentform-widget-align-default\">\n\n            \n            <div class='fluentform ff-default fluentform_wrapper_5 ffs_default_wrap'><form data-form_id=\"5\" id=\"fluentform_5\" class=\"frm-fluent-form fluent_form_5 ff-el-form-top ff_form_instance_5_1 ff-form-loading ffs_default\" data-form_instance=\"ff_form_instance_5_1\" method=\"POST\" ><fieldset  style=\"border: none!important;margin: 0!important;padding: 0!important;background-color: transparent!important;box-shadow: none!important;outline: none!important; min-inline-size: 100%;\">\n                    <legend class=\"ff_screen_reader_title\" style=\"display: block; margin: 0!important;padding: 0!important;height: 0!important;text-indent: -999999px;width: 0!important;overflow:hidden;\">[EGR-DE] Certificates - DE<\/legend><input type='hidden' name='__fluent_form_embded_post_id' value='3005' \/><input type=\"hidden\" id=\"_fluentform_5_fluentformnonce\" name=\"_fluentform_5_fluentformnonce\" value=\"d8d4af7da7\" \/><input type=\"hidden\" name=\"_wp_http_referer\" value=\"\/de\/wp-json\/wp\/v2\/pages\/3005\" \/><div data-name=\"ff_cn_id_1\"  class='ff-t-container ff-column-container ff_columns_total_1 '><div class='ff-t-cell ff-t-column-1' style='flex-basis: 100%;'><div data-type=\"name-element\" data-name=\"names\" class=\" ff-field_container ff-name-field-wrapper\" ><div class='ff-t-container'><div class='ff-t-cell '><div class='ff-el-group  ff-el-form-top'><div class=\"ff-el-input--label ff-el-is-required asterisk-right\"><label for='ff_5_names_last_name_' id='label_ff_5_names_last_name_' >Name<\/label><\/div><div class='ff-el-input--content'><input type=\"text\" name=\"names[last_name]\" id=\"ff_5_names_last_name_\" class=\"ff-el-form-control\" aria-invalid=\"false\" aria-required=true><\/div><\/div><\/div><\/div><\/div><div class='ff-el-group'><div class=\"ff-el-input--label asterisk-right\"><label for='ff_5_input_text_1' id='label_ff_5_input_text_1' aria-label=\"Firma\">Firma<\/label><\/div><div class='ff-el-input--content'><input type=\"text\" name=\"input_text_1\" class=\"ff-el-form-control\" data-name=\"input_text_1\" id=\"ff_5_input_text_1\"  aria-invalid=\"false\" aria-required=false><\/div><\/div><div class='ff-el-group'><div class=\"ff-el-input--label asterisk-right\"><label for='ff_5_input_text' id='label_ff_5_input_text' aria-label=\"Telefonnummer\">Telefonnummer<\/label><\/div><div class='ff-el-input--content'><input type=\"text\" name=\"input_text\" class=\"ff-el-form-control\" data-name=\"input_text\" id=\"ff_5_input_text\"  aria-invalid=\"false\" aria-required=false><\/div><\/div><div class='ff-el-group'><div class=\"ff-el-input--label ff-el-is-required asterisk-right\"><label for='ff_5_email' id='label_ff_5_email' aria-label=\"E-Mail\">E-Mail<\/label><\/div><div class='ff-el-input--content'><input type=\"email\" name=\"email\" id=\"ff_5_email\" class=\"ff-el-form-control\" data-name=\"email\"  aria-invalid=\"false\" aria-required=true><\/div><\/div><\/div><\/div><div data-name=\"ff_cn_id_2\"  class='ff-t-container ff-column-container ff_columns_total_1 '><div class='ff-t-cell ff-t-column-1' style='flex-basis: 100%;'><div class='ff-el-group'><div class=\"ff-el-input--label ff-el-is-required asterisk-right\"><label for='ff_5_dropdown' id='label_ff_5_dropdown' aria-label=\"Betreff\">Betreff<\/label><\/div><div class='ff-el-input--content'><select name=\"dropdown\" id=\"ff_5_dropdown\" class=\"ff-el-form-control\" data-name=\"dropdown\" data-calc_value=\"0\"  aria-invalid=\"false\" aria-required=\"true\" aria-labelledby=\"label_ff_5_dropdown\"><option value=\"\">- Bitte ausw\u00e4hlen -<\/option><option value=\"thawte\u2122 - SSL-Webserver-Zertifikat (40 bis 256 Bit)\"  >thawte\u2122 - SSL-Webserver-Zertifikat (40 bis 256 Bit)<\/option><option value=\"thawte\u2122 - SSL-Webserver-Zertifikat mit EV (40 bis 256 Bit)\"  >thawte\u2122 - SSL-Webserver-Zertifikat mit EV (40 bis 256 Bit)<\/option><option value=\"thawte\u2122 - SSL-Webserver Wildcard Zertifikat (40 bis 256 Bit)\"  >thawte\u2122 - SSL-Webserver Wildcard Zertifikat (40 bis 256 Bit)<\/option><option value=\"thawte\u2122 - SSL 123-Serverzertifikat (40 bis 256 Bit)\"  >thawte\u2122 - SSL 123-Serverzertifikat (40 bis 256 Bit)<\/option><option value=\"thawte\u2122 - Entwicklerzertifikat\"  >thawte\u2122 - Entwicklerzertifikat<\/option><option value=\"GeoTrust\u00ae - True BusinessID Zertifikat\"  >GeoTrust\u00ae - True BusinessID Zertifikat<\/option><option value=\"GeoTrust\u00ae - True BusinessID Zertifikat mit EV\"  >GeoTrust\u00ae - True BusinessID Zertifikat mit EV<\/option><option value=\"GeoTrust\u00ae - True BusinessID Wildcard Zertifikat\"  >GeoTrust\u00ae - True BusinessID Wildcard Zertifikat<\/option><option value=\"GeoTrust\u00ae - Quick SSL Premium Zertifikat\"  >GeoTrust\u00ae - Quick SSL Premium Zertifikat<\/option><option value=\"Secure Site Zertifikat\"  >Secure Site Zertifikat<\/option><option value=\"Secure Site Pro Zertifikat\"  >Secure Site Pro Zertifikat<\/option><option value=\"RapidSSL - Einsteiger-Zertifikat\"  >RapidSSL - Einsteiger-Zertifikat<\/option><option value=\"RapidSSL - Wildcard Zertifikat\"  >RapidSSL - Wildcard Zertifikat<\/option><option value=\"Andere Anfrage\"  >Andere Anfrage<\/option><option value=\"Zertifikatsverl\u00e4ngerung\"  >Zertifikatsverl\u00e4ngerung<\/option><\/select><\/div><\/div><div class='ff-el-group'><div class=\"ff-el-input--label ff-el-is-required asterisk-right\"><label for='ff_5_message' id='label_ff_5_message' aria-label=\"Wie k\u00f6nnen wir Ihnen helfen?\">Wie k\u00f6nnen wir Ihnen helfen?<\/label><\/div><div class='ff-el-input--content'><input type=\"text\" name=\"message\" class=\"ff-el-form-control\" data-name=\"message\" id=\"ff_5_message\"  aria-invalid=\"false\" aria-required=true><\/div><\/div><\/div><\/div><div data-name=\"ff_cn_id_3\"  class='ff-t-container ff-column-container ff_columns_total_2 '><div class='ff-t-cell ff-t-column-1' style='flex-basis: 50%;'><div class='ff-el-group    ff-el-input--content'><div class='ff-el-form-check ff-el-tc'><label aria-label='Terms and Conditions: Ich stimme den Datenschutz\u00adbedingungen zu. *\nAlle mit * gekennzeichneten Felder sind Pflichtfelder. Contains 1 link. Use tab navigation to review.' class='ff-el-form-check-label ff_tc_label' for=terms-n-condition_be2e4804292825a9e96f37c1f953e852><span class='ff_tc_checkbox'><input type=\"checkbox\" name=\"terms-n-condition\" class=\"ff-el-form-check-input\" data-name=\"terms-n-condition\" id=\"terms-n-condition_be2e4804292825a9e96f37c1f953e852\"  value='on' aria-invalid='false' aria-required=false><\/span> <div class='ff_t_c'><p>Ich stimme den <a class=\"primary external\" href=\"https:\/\/pcon-solutions.com\/de\/legal-notice\/\" target=\"_blank\" rel=\"noopener\">Datenschutz\u00adbedingungen<\/a> zu. *<\/p>\n<p><small>Alle mit * gekennzeichneten Felder sind Pflichtfelder.<\/small><\/p><\/div><\/label><\/div><\/div><\/div><div class='ff-t-cell ff-t-column-2' style='flex-basis: 50%;'><\/div><\/div><div data-name=\"ff_cn_id_4\"  class='ff-t-container ff-column-container ff_columns_total_1 '><div class='ff-t-cell ff-t-column-1' style='flex-basis: 100%;'><\/div><\/div><div class='ff-el-group ff-text-right ff_submit_btn_wrapper'><button type=\"submit\" class=\"ff-btn ff-btn-submit ff-btn-md ff_btn_style\"  aria-label=\"Senden\">Senden<\/button><\/div><\/fieldset><\/form><div id='fluentform_5_errors' class='ff-errors-in-stack ff_form_instance_5_1 ff-form-loading_errors ff_form_instance_5_1_errors'><\/div><\/div>            <script type=\"text\/javascript\">\n                window.fluent_form_ff_form_instance_5_1 = {\"id\":\"5\",\"ajaxUrl\":\"https:\\\/\\\/www.easterngraphics.com\\\/wp-admin\\\/admin-ajax.php\",\"settings\":{\"layout\":{\"labelPlacement\":\"top\",\"helpMessagePlacement\":\"with_label\",\"errorMessagePlacement\":\"inline\",\"cssClassName\":\"\",\"asteriskPlacement\":\"asterisk-right\"},\"restrictions\":{\"denyEmptySubmission\":{\"enabled\":false}}},\"form_instance\":\"ff_form_instance_5_1\",\"form_id_selector\":\"fluentform_5\",\"rules\":{\"names[first_name]\":{\"required\":{\"value\":false,\"message\":\"Dieses Feld ist erforderlich\",\"global\":false,\"global_message\":\"This field is required\"}},\"names[middle_name]\":{\"required\":{\"value\":false,\"message\":\"Dieses Feld ist erforderlich\",\"global\":false,\"global_message\":\"This field is required\"}},\"names[last_name]\":{\"required\":{\"value\":true,\"message\":\"Dieses Feld ist erforderlich\",\"global\":false,\"global_message\":\"This field is required\"}},\"input_text_1\":{\"required\":{\"value\":false,\"message\":\"Dieses Feld ist erforderlich\",\"global\":false,\"global_message\":\"This field is required\"}},\"input_text\":{\"required\":{\"value\":false,\"message\":\"Dieses Feld ist erforderlich\",\"global\":false,\"global_message\":\"This field is required\"}},\"email\":{\"required\":{\"value\":true,\"message\":\"Dieses Feld ist erforderlich\",\"global\":false,\"global_message\":\"This field is required\"},\"email\":{\"value\":true,\"message\":\"Dieses Feld muss eine g\\u00fcltige E-Mail-Adresse enthalten\",\"global\":false,\"global_message\":\"This field must contain a valid email\"}},\"dropdown\":{\"required\":{\"value\":true,\"message\":\"Dieses Feld ist erforderlich\",\"global\":false,\"global_message\":\"This field is required\"}},\"message\":{\"required\":{\"value\":true,\"message\":\"Dieses Feld ist erforderlich\",\"global\":false,\"global_message\":\"This field is required\"}},\"terms-n-condition\":{\"required\":{\"value\":false,\"message\":\"Dieses Feld ist erforderlich\",\"global\":false,\"global_message\":\"This field is required\"}}},\"debounce_time\":300};\n                            <\/script>\n                        <\/div>\n\n            \t\t\t\t<\/div>\n\t\t\t\t<\/div>\n\t\t\t\t<\/div>\n\t\t\t\t<\/div>\n\t\t\t\t<\/div>\n\t\t\t\t<\/div>\n\t\t","protected":false},"excerpt":{"rendered":"<p>GeoTrust\u00ae &#8211; True BusinessID Wildcard Zertifikat Das GeoTrust True BusinessID Wildcard Zertifikat wurde speziell f\u00fcr diejenigen Unternehmen entwickelt, die neben der eigentlichen &#8222;Haus&#8220;-Domain noch zahlreiche weitere Subdomains absichern m\u00f6chten. Dieses sog. Platzhalter-Zertifikat hilft Ihnen, sensible Informationen zu sch\u00fctzen, wenn sich Ihre Kunden, Gesch\u00e4ftspartner und Ihre Angestellten online mit Ihnen verbinden. Es erm\u00f6glicht gleichzeitig eine hohe [&hellip;]<\/p>\n","protected":false},"author":2,"featured_media":0,"parent":0,"menu_order":0,"comment_status":"closed","ping_status":"closed","template":"","meta":{"footnotes":""},"class_list":["post-3005","page","type-page","status-publish","hentry"],"_links":{"self":[{"href":"https:\/\/www.easterngraphics.com\/de\/wp-json\/wp\/v2\/pages\/3005","targetHints":{"allow":["GET"]}}],"collection":[{"href":"https:\/\/www.easterngraphics.com\/de\/wp-json\/wp\/v2\/pages"}],"about":[{"href":"https:\/\/www.easterngraphics.com\/de\/wp-json\/wp\/v2\/types\/page"}],"author":[{"embeddable":true,"href":"https:\/\/www.easterngraphics.com\/de\/wp-json\/wp\/v2\/users\/2"}],"replies":[{"embeddable":true,"href":"https:\/\/www.easterngraphics.com\/de\/wp-json\/wp\/v2\/comments?post=3005"}],"version-history":[{"count":26,"href":"https:\/\/www.easterngraphics.com\/de\/wp-json\/wp\/v2\/pages\/3005\/revisions"}],"predecessor-version":[{"id":27479,"href":"https:\/\/www.easterngraphics.com\/de\/wp-json\/wp\/v2\/pages\/3005\/revisions\/27479"}],"wp:attachment":[{"href":"https:\/\/www.easterngraphics.com\/de\/wp-json\/wp\/v2\/media?parent=3005"}],"curies":[{"name":"wp","href":"https:\/\/api.w.org\/{rel}","templated":true}]}}