{"id":2813,"date":"2022-11-09T15:18:30","date_gmt":"2022-11-09T14:18:30","guid":{"rendered":"https:\/\/www.easterngraphics.com\/?page_id=2813"},"modified":"2026-03-25T15:56:53","modified_gmt":"2026-03-25T14:56:53","slug":"thawte-entwickler-zertifikat","status":"publish","type":"page","link":"https:\/\/www.easterngraphics.com\/de\/thawte-entwickler-zertifikat\/","title":{"rendered":"thawte\u2122 &#8211; Entwicklerzertifikat"},"content":{"rendered":"\t\t<div data-elementor-type=\"wp-page\" data-elementor-id=\"2813\" class=\"elementor elementor-2813\" data-elementor-settings=\"{&quot;ha_cmc_init_switcher&quot;:&quot;no&quot;}\" data-elementor-post-type=\"page\">\n\t\t\t\t<div class=\"elementor-element elementor-element-b2684c3 e-flex e-con-boxed e-con e-parent\" data-id=\"b2684c3\" data-element_type=\"container\" data-e-type=\"container\" data-settings=\"{&quot;_ha_eqh_enable&quot;:false}\">\n\t\t\t\t\t<div class=\"e-con-inner\">\n\t\t\t\t<div class=\"elementor-element elementor-element-4e9ddf9 elementor-widget elementor-widget-spacer\" data-id=\"4e9ddf9\" data-element_type=\"widget\" data-e-type=\"widget\" data-widget_type=\"spacer.default\">\n\t\t\t\t<div class=\"elementor-widget-container\">\n\t\t\t\t\t\t\t<div class=\"elementor-spacer\">\n\t\t\t<div class=\"elementor-spacer-inner\"><\/div>\n\t\t<\/div>\n\t\t\t\t\t\t<\/div>\n\t\t\t\t<\/div>\n\t\t<div class=\"elementor-element elementor-element-4f116b9 e-flex e-con-boxed e-con e-child\" data-id=\"4f116b9\" data-element_type=\"container\" data-e-type=\"container\" data-settings=\"{&quot;_ha_eqh_enable&quot;:false}\">\n\t\t\t\t\t<div class=\"e-con-inner\">\n\t\t<div class=\"elementor-element elementor-element-5753788 e-con-full e-flex e-con e-child\" data-id=\"5753788\" data-element_type=\"container\" data-e-type=\"container\" data-settings=\"{&quot;_ha_eqh_enable&quot;:false}\">\n\t\t\t\t<div class=\"elementor-element elementor-element-13be10c elementor-widget elementor-widget-heading\" data-id=\"13be10c\" data-element_type=\"widget\" data-e-type=\"widget\" data-widget_type=\"heading.default\">\n\t\t\t\t<div class=\"elementor-widget-container\">\n\t\t\t\t\t<h2 class=\"elementor-heading-title elementor-size-default\">thawte\u2122 - Entwicklerzertifikat<\/h2>\t\t\t\t<\/div>\n\t\t\t\t<\/div>\n\t\t\t\t<div class=\"elementor-element elementor-element-512ddce elementor-widget elementor-widget-text-editor\" data-id=\"512ddce\" data-element_type=\"widget\" data-e-type=\"widget\" data-widget_type=\"text-editor.default\">\n\t\t\t\t<div class=\"elementor-widget-container\">\n\t\t\t\t\t\t\t\t\t<p class=\"bodytext\">Die Verk\u00e4ufer bzw. H\u00e4ndler elektronischer Programme m\u00fcssen ihren Kunden versichern, dass die erworbenen Codes weder gef\u00e4lscht noch anderweitig beeinflusst worden sind.<\/p><p class=\"bodytext\">Dieses Zertifikat erm\u00f6glicht Ihnen die pers\u00f6nliche Kennzeichnung Ihrer Webinhalte f\u00fcr eine gesicherte elektronische Daten\u00fcbertragung. <b>Garantieren Sie<\/b> Ihren Kunden, dass\u00a0Sie der Herausgeber bzw. Verk\u00e4ufer zum Download bereitgestellter Programme sind und dass die erworbene Software durch Dritte nicht besch\u00e4digt oder ver\u00e4ndert werden kann.<\/p><p class=\"bodytext\">Bitte beachten Sie, dass Entwicklerzertifikate <b>nicht an Privatpersonen <\/b>vergeben werden. W\u00fcnschen Sie die Neubeantragung oder Verl\u00e4ngerung eines Entwicklerzertifikates, so wenden Sie sich bitte vorab\u00a0an uns.<\/p>\t\t\t\t\t\t\t\t<\/div>\n\t\t\t\t<\/div>\n\t\t\t\t<div class=\"elementor-element elementor-element-8c0e612 elementor-widget elementor-widget-spacer\" data-id=\"8c0e612\" data-element_type=\"widget\" data-e-type=\"widget\" data-widget_type=\"spacer.default\">\n\t\t\t\t<div class=\"elementor-widget-container\">\n\t\t\t\t\t\t\t<div class=\"elementor-spacer\">\n\t\t\t<div class=\"elementor-spacer-inner\"><\/div>\n\t\t<\/div>\n\t\t\t\t\t\t<\/div>\n\t\t\t\t<\/div>\n\t\t\t\t<\/div>\n\t\t<div class=\"elementor-element elementor-element-6666612 e-flex e-con-boxed e-con e-child\" data-id=\"6666612\" data-element_type=\"container\" data-e-type=\"container\" data-settings=\"{&quot;_ha_eqh_enable&quot;:false}\">\n\t\t\t\t\t<div class=\"e-con-inner\">\n\t\t\t\t<div class=\"elementor-element elementor-element-834f9b5 elementor-widget elementor-widget-heading\" data-id=\"834f9b5\" data-element_type=\"widget\" data-e-type=\"widget\" data-widget_type=\"heading.default\">\n\t\t\t\t<div class=\"elementor-widget-container\">\n\t\t\t\t\t<h3 class=\"elementor-heading-title elementor-size-default\">Ben\u00f6tigen Sie ein Entwicklerzertifikat?<\/h3>\t\t\t\t<\/div>\n\t\t\t\t<\/div>\n\t\t\t\t<div class=\"elementor-element elementor-element-0301ade elementor-widget elementor-widget-text-editor\" data-id=\"0301ade\" data-element_type=\"widget\" data-e-type=\"widget\" data-widget_type=\"text-editor.default\">\n\t\t\t\t<div class=\"elementor-widget-container\">\n\t\t\t\t\t\t\t\t\t<p>Ein thawte-Zertifikat mit Codesignierung wird dringend f\u00fcr alle Unternehmen empfohlen, die Code oder Inhalte \u00fcber das Internet oder Firmen-Extranets verbreiten sowie die Integrit\u00e4t und Urheberschaft dieses Codes sicherstellen m\u00fcssen.<\/p><p>Dieses Zertifikat minimiert die Risiken, die mit dem Herunterladen von Software und Anwendungen verbunden sind, indem es eine digitale Signatur bereitstellt, die Folgendes best\u00e4tigt:<\/p><ul><li>Die Software stammt von dem Herausgeber, der sie signiert hat.<\/li><li>Die Software wurde nicht ge\u00e4ndert oder besch\u00e4digt und kann daher sicher installiert und ausgef\u00fchrt werden.<\/li><\/ul><p>\u00a0<\/p><p>Thawte-Zertifikate mit Codesignierung stellen sicher, dass aktive Inhalte oder Code Ihrer Webseite nicht b\u00f6swillig ge\u00e4ndert werden k\u00f6nnen. Das Internet kann somit als sichere und praktikable Distributionsplattform genutzt werden.<\/p>\t\t\t\t\t\t\t\t<\/div>\n\t\t\t\t<\/div>\n\t\t\t\t<div class=\"elementor-element elementor-element-5ae0d82 elementor-widget elementor-widget-text-editor\" data-id=\"5ae0d82\" data-element_type=\"widget\" data-e-type=\"widget\" data-widget_type=\"text-editor.default\">\n\t\t\t\t<div class=\"elementor-widget-container\">\n\t\t\t\t\t\t\t\t\t<p>Gerne senden wir Ihnen ein <a href=\"mailto:certs@easterngraphics.com\">Angebot<\/a> zu.<\/p>\t\t\t\t\t\t\t\t<\/div>\n\t\t\t\t<\/div>\n\t\t\t\t\t<\/div>\n\t\t\t\t<\/div>\n\t\t\t\t\t<\/div>\n\t\t\t\t<\/div>\n\t\t<div class=\"elementor-element elementor-element-fc87e0d e-flex e-con-boxed e-con e-child\" data-id=\"fc87e0d\" data-element_type=\"container\" data-e-type=\"container\" data-settings=\"{&quot;_ha_eqh_enable&quot;:false}\">\n\t\t\t\t\t<div class=\"e-con-inner\">\n\t\t\t\t\t<\/div>\n\t\t\t\t<\/div>\n\t\t\t\t<div class=\"elementor-element elementor-element-5aeeb20 elementor-widget elementor-widget-spacer\" data-id=\"5aeeb20\" data-element_type=\"widget\" data-e-type=\"widget\" data-widget_type=\"spacer.default\">\n\t\t\t\t<div class=\"elementor-widget-container\">\n\t\t\t\t\t\t\t<div class=\"elementor-spacer\">\n\t\t\t<div class=\"elementor-spacer-inner\"><\/div>\n\t\t<\/div>\n\t\t\t\t\t\t<\/div>\n\t\t\t\t<\/div>\n\t\t\t\t\t<\/div>\n\t\t\t\t<\/div>\n\t\t<div class=\"elementor-element elementor-element-71bf0c0 e-con-full e-flex e-con e-parent\" data-id=\"71bf0c0\" data-element_type=\"container\" data-e-type=\"container\" data-settings=\"{&quot;background_background&quot;:&quot;classic&quot;,&quot;_ha_eqh_enable&quot;:false}\">\n\t\t<div class=\"elementor-element elementor-element-fa3dfb6 e-con-full e-flex e-con e-child\" data-id=\"fa3dfb6\" data-element_type=\"container\" data-e-type=\"container\" data-settings=\"{&quot;background_background&quot;:&quot;classic&quot;,&quot;_ha_eqh_enable&quot;:false}\">\n\t\t<div class=\"elementor-element elementor-element-89d6114 e-con-full e-flex e-con e-child\" data-id=\"89d6114\" data-element_type=\"container\" data-e-type=\"container\" data-settings=\"{&quot;_ha_eqh_enable&quot;:false}\">\n\t\t\t\t<div class=\"elementor-element elementor-element-dff1b31 elementor-widget elementor-widget-heading\" data-id=\"dff1b31\" data-element_type=\"widget\" data-e-type=\"widget\" data-widget_type=\"heading.default\">\n\t\t\t\t<div class=\"elementor-widget-container\">\n\t\t\t\t\t<h2 class=\"elementor-heading-title elementor-size-large\">Sie haben Fragen?<\/h2>\t\t\t\t<\/div>\n\t\t\t\t<\/div>\n\t\t\t\t<div class=\"elementor-element elementor-element-f07f296 elementor-widget elementor-widget-text-editor\" data-id=\"f07f296\" data-element_type=\"widget\" data-e-type=\"widget\" data-widget_type=\"text-editor.default\">\n\t\t\t\t<div class=\"elementor-widget-container\">\n\t\t\t\t\t\t\t\t\t<p style=\"text-align: center;\">Kontaktieren Sie uns gerne.<\/p>\t\t\t\t\t\t\t\t<\/div>\n\t\t\t\t<\/div>\n\t\t\t\t<div class=\"elementor-element elementor-element-b38765b fluentform-widget-submit-button-custom elementor-widget elementor-widget-fluent-form-widget\" data-id=\"b38765b\" data-element_type=\"widget\" data-e-type=\"widget\" data-widget_type=\"fluent-form-widget.default\">\n\t\t\t\t<div class=\"elementor-widget-container\">\n\t\t\t\t\t\n            <div class=\"fluentform-widget-wrapper fluentform-widget-custom-radio-checkbox fluentform-widget-align-default\">\n\n            \n            <div class='fluentform ff-default fluentform_wrapper_5 ffs_default_wrap'><form data-form_id=\"5\" id=\"fluentform_5\" class=\"frm-fluent-form fluent_form_5 ff-el-form-top ff_form_instance_5_1 ff-form-loading ffs_default\" data-form_instance=\"ff_form_instance_5_1\" method=\"POST\" ><fieldset  style=\"border: none!important;margin: 0!important;padding: 0!important;background-color: transparent!important;box-shadow: none!important;outline: none!important; min-inline-size: 100%;\">\n                    <legend class=\"ff_screen_reader_title\" style=\"display: block; margin: 0!important;padding: 0!important;height: 0!important;text-indent: -999999px;width: 0!important;overflow:hidden;\">[EGR-DE] Certificates - DE<\/legend><input type='hidden' name='__fluent_form_embded_post_id' value='2813' \/><input type=\"hidden\" id=\"_fluentform_5_fluentformnonce\" name=\"_fluentform_5_fluentformnonce\" value=\"bf9038157a\" \/><input type=\"hidden\" name=\"_wp_http_referer\" value=\"\/de\/wp-json\/wp\/v2\/pages\/2813\" \/><div data-name=\"ff_cn_id_1\"  class='ff-t-container ff-column-container ff_columns_total_1 '><div class='ff-t-cell ff-t-column-1' style='flex-basis: 100%;'><div data-type=\"name-element\" data-name=\"names\" class=\" ff-field_container ff-name-field-wrapper\" ><div class='ff-t-container'><div class='ff-t-cell '><div class='ff-el-group  ff-el-form-top'><div class=\"ff-el-input--label ff-el-is-required asterisk-right\"><label for='ff_5_names_last_name_' id='label_ff_5_names_last_name_' >Name<\/label><\/div><div class='ff-el-input--content'><input type=\"text\" name=\"names[last_name]\" id=\"ff_5_names_last_name_\" class=\"ff-el-form-control\" aria-invalid=\"false\" aria-required=true><\/div><\/div><\/div><\/div><\/div><div class='ff-el-group'><div class=\"ff-el-input--label asterisk-right\"><label for='ff_5_input_text_1' id='label_ff_5_input_text_1' aria-label=\"Firma\">Firma<\/label><\/div><div class='ff-el-input--content'><input type=\"text\" name=\"input_text_1\" class=\"ff-el-form-control\" data-name=\"input_text_1\" id=\"ff_5_input_text_1\"  aria-invalid=\"false\" aria-required=false><\/div><\/div><div class='ff-el-group'><div class=\"ff-el-input--label asterisk-right\"><label for='ff_5_input_text' id='label_ff_5_input_text' aria-label=\"Telefonnummer\">Telefonnummer<\/label><\/div><div class='ff-el-input--content'><input type=\"text\" name=\"input_text\" class=\"ff-el-form-control\" data-name=\"input_text\" id=\"ff_5_input_text\"  aria-invalid=\"false\" aria-required=false><\/div><\/div><div class='ff-el-group'><div class=\"ff-el-input--label ff-el-is-required asterisk-right\"><label for='ff_5_email' id='label_ff_5_email' aria-label=\"E-Mail\">E-Mail<\/label><\/div><div class='ff-el-input--content'><input type=\"email\" name=\"email\" id=\"ff_5_email\" class=\"ff-el-form-control\" data-name=\"email\"  aria-invalid=\"false\" aria-required=true><\/div><\/div><\/div><\/div><div data-name=\"ff_cn_id_2\"  class='ff-t-container ff-column-container ff_columns_total_1 '><div class='ff-t-cell ff-t-column-1' style='flex-basis: 100%;'><div class='ff-el-group'><div class=\"ff-el-input--label ff-el-is-required asterisk-right\"><label for='ff_5_dropdown' id='label_ff_5_dropdown' aria-label=\"Betreff\">Betreff<\/label><\/div><div class='ff-el-input--content'><select name=\"dropdown\" id=\"ff_5_dropdown\" class=\"ff-el-form-control\" data-name=\"dropdown\" data-calc_value=\"0\"  aria-invalid=\"false\" aria-required=\"true\" aria-labelledby=\"label_ff_5_dropdown\"><option value=\"\">- Bitte ausw\u00e4hlen -<\/option><option value=\"thawte\u2122 - SSL-Webserver-Zertifikat (40 bis 256 Bit)\"  >thawte\u2122 - SSL-Webserver-Zertifikat (40 bis 256 Bit)<\/option><option value=\"thawte\u2122 - SSL-Webserver-Zertifikat mit EV (40 bis 256 Bit)\"  >thawte\u2122 - SSL-Webserver-Zertifikat mit EV (40 bis 256 Bit)<\/option><option value=\"thawte\u2122 - SSL-Webserver Wildcard Zertifikat (40 bis 256 Bit)\"  >thawte\u2122 - SSL-Webserver Wildcard Zertifikat (40 bis 256 Bit)<\/option><option value=\"thawte\u2122 - SSL 123-Serverzertifikat (40 bis 256 Bit)\"  >thawte\u2122 - SSL 123-Serverzertifikat (40 bis 256 Bit)<\/option><option value=\"thawte\u2122 - Entwicklerzertifikat\"  >thawte\u2122 - Entwicklerzertifikat<\/option><option value=\"GeoTrust\u00ae - True BusinessID Zertifikat\"  >GeoTrust\u00ae - True BusinessID Zertifikat<\/option><option value=\"GeoTrust\u00ae - True BusinessID Zertifikat mit EV\"  >GeoTrust\u00ae - True BusinessID Zertifikat mit EV<\/option><option value=\"GeoTrust\u00ae - True BusinessID Wildcard Zertifikat\"  >GeoTrust\u00ae - True BusinessID Wildcard Zertifikat<\/option><option value=\"GeoTrust\u00ae - Quick SSL Premium Zertifikat\"  >GeoTrust\u00ae - Quick SSL Premium Zertifikat<\/option><option value=\"Secure Site Zertifikat\"  >Secure Site Zertifikat<\/option><option value=\"Secure Site Pro Zertifikat\"  >Secure Site Pro Zertifikat<\/option><option value=\"RapidSSL - Einsteiger-Zertifikat\"  >RapidSSL - Einsteiger-Zertifikat<\/option><option value=\"RapidSSL - Wildcard Zertifikat\"  >RapidSSL - Wildcard Zertifikat<\/option><option value=\"Andere Anfrage\"  >Andere Anfrage<\/option><option value=\"Zertifikatsverl\u00e4ngerung\"  >Zertifikatsverl\u00e4ngerung<\/option><\/select><\/div><\/div><div class='ff-el-group'><div class=\"ff-el-input--label ff-el-is-required asterisk-right\"><label for='ff_5_message' id='label_ff_5_message' aria-label=\"Wie k\u00f6nnen wir Ihnen helfen?\">Wie k\u00f6nnen wir Ihnen helfen?<\/label><\/div><div class='ff-el-input--content'><input type=\"text\" name=\"message\" class=\"ff-el-form-control\" data-name=\"message\" id=\"ff_5_message\"  aria-invalid=\"false\" aria-required=true><\/div><\/div><\/div><\/div><div data-name=\"ff_cn_id_3\"  class='ff-t-container ff-column-container ff_columns_total_2 '><div class='ff-t-cell ff-t-column-1' style='flex-basis: 50%;'><div class='ff-el-group    ff-el-input--content'><div class='ff-el-form-check ff-el-tc'><label aria-label='Terms and Conditions: Ich stimme den Datenschutz\u00adbedingungen zu. *\nAlle mit * gekennzeichneten Felder sind Pflichtfelder. Contains 1 link. Use tab navigation to review.' class='ff-el-form-check-label ff_tc_label' for=terms-n-condition_bc9e219daceeb92d4838c9f0660661c7><span class='ff_tc_checkbox'><input type=\"checkbox\" name=\"terms-n-condition\" class=\"ff-el-form-check-input\" data-name=\"terms-n-condition\" id=\"terms-n-condition_bc9e219daceeb92d4838c9f0660661c7\"  value='on' aria-invalid='false' aria-required=false><\/span> <div class='ff_t_c'><p>Ich stimme den <a class=\"primary external\" href=\"https:\/\/pcon-solutions.com\/de\/legal-notice\/\" target=\"_blank\" rel=\"noopener\">Datenschutz\u00adbedingungen<\/a> zu. *<\/p>\n<p><small>Alle mit * gekennzeichneten Felder sind Pflichtfelder.<\/small><\/p><\/div><\/label><\/div><\/div><\/div><div class='ff-t-cell ff-t-column-2' style='flex-basis: 50%;'><\/div><\/div><div data-name=\"ff_cn_id_4\"  class='ff-t-container ff-column-container ff_columns_total_1 '><div class='ff-t-cell ff-t-column-1' style='flex-basis: 100%;'><\/div><\/div><div class='ff-el-group ff-text-right ff_submit_btn_wrapper'><button type=\"submit\" class=\"ff-btn ff-btn-submit ff-btn-md ff_btn_style\"  aria-label=\"Senden\">Senden<\/button><\/div><\/fieldset><\/form><div id='fluentform_5_errors' class='ff-errors-in-stack ff_form_instance_5_1 ff-form-loading_errors ff_form_instance_5_1_errors'><\/div><\/div>            <script type=\"text\/javascript\">\n                window.fluent_form_ff_form_instance_5_1 = {\"id\":\"5\",\"ajaxUrl\":\"https:\\\/\\\/www.easterngraphics.com\\\/wp-admin\\\/admin-ajax.php\",\"settings\":{\"layout\":{\"labelPlacement\":\"top\",\"helpMessagePlacement\":\"with_label\",\"errorMessagePlacement\":\"inline\",\"cssClassName\":\"\",\"asteriskPlacement\":\"asterisk-right\"},\"restrictions\":{\"denyEmptySubmission\":{\"enabled\":false}}},\"form_instance\":\"ff_form_instance_5_1\",\"form_id_selector\":\"fluentform_5\",\"rules\":{\"names[first_name]\":{\"required\":{\"value\":false,\"message\":\"Dieses Feld ist erforderlich\",\"global\":false,\"global_message\":\"This field is required\"}},\"names[middle_name]\":{\"required\":{\"value\":false,\"message\":\"Dieses Feld ist erforderlich\",\"global\":false,\"global_message\":\"This field is required\"}},\"names[last_name]\":{\"required\":{\"value\":true,\"message\":\"Dieses Feld ist erforderlich\",\"global\":false,\"global_message\":\"This field is required\"}},\"input_text_1\":{\"required\":{\"value\":false,\"message\":\"Dieses Feld ist erforderlich\",\"global\":false,\"global_message\":\"This field is required\"}},\"input_text\":{\"required\":{\"value\":false,\"message\":\"Dieses Feld ist erforderlich\",\"global\":false,\"global_message\":\"This field is required\"}},\"email\":{\"required\":{\"value\":true,\"message\":\"Dieses Feld ist erforderlich\",\"global\":false,\"global_message\":\"This field is required\"},\"email\":{\"value\":true,\"message\":\"Dieses Feld muss eine g\\u00fcltige E-Mail-Adresse enthalten\",\"global\":false,\"global_message\":\"This field must contain a valid email\"}},\"dropdown\":{\"required\":{\"value\":true,\"message\":\"Dieses Feld ist erforderlich\",\"global\":false,\"global_message\":\"This field is required\"}},\"message\":{\"required\":{\"value\":true,\"message\":\"Dieses Feld ist erforderlich\",\"global\":false,\"global_message\":\"This field is required\"}},\"terms-n-condition\":{\"required\":{\"value\":false,\"message\":\"Dieses Feld ist erforderlich\",\"global\":false,\"global_message\":\"This field is required\"}}},\"debounce_time\":300};\n                            <\/script>\n                        <\/div>\n\n            \t\t\t\t<\/div>\n\t\t\t\t<\/div>\n\t\t\t\t<\/div>\n\t\t\t\t<\/div>\n\t\t\t\t<\/div>\n\t\t\t\t<\/div>\n\t\t","protected":false},"excerpt":{"rendered":"<p>thawte\u2122 &#8211; Entwicklerzertifikat Die Verk\u00e4ufer bzw. H\u00e4ndler elektronischer Programme m\u00fcssen ihren Kunden versichern, dass die erworbenen Codes weder gef\u00e4lscht noch anderweitig beeinflusst worden sind. Dieses Zertifikat erm\u00f6glicht Ihnen die pers\u00f6nliche Kennzeichnung Ihrer Webinhalte f\u00fcr eine gesicherte elektronische Daten\u00fcbertragung. Garantieren Sie Ihren Kunden, dass\u00a0Sie der Herausgeber bzw. Verk\u00e4ufer zum Download bereitgestellter Programme sind und dass die [&hellip;]<\/p>\n","protected":false},"author":2,"featured_media":0,"parent":0,"menu_order":0,"comment_status":"closed","ping_status":"closed","template":"","meta":{"footnotes":""},"class_list":["post-2813","page","type-page","status-publish","hentry"],"_links":{"self":[{"href":"https:\/\/www.easterngraphics.com\/de\/wp-json\/wp\/v2\/pages\/2813","targetHints":{"allow":["GET"]}}],"collection":[{"href":"https:\/\/www.easterngraphics.com\/de\/wp-json\/wp\/v2\/pages"}],"about":[{"href":"https:\/\/www.easterngraphics.com\/de\/wp-json\/wp\/v2\/types\/page"}],"author":[{"embeddable":true,"href":"https:\/\/www.easterngraphics.com\/de\/wp-json\/wp\/v2\/users\/2"}],"replies":[{"embeddable":true,"href":"https:\/\/www.easterngraphics.com\/de\/wp-json\/wp\/v2\/comments?post=2813"}],"version-history":[{"count":47,"href":"https:\/\/www.easterngraphics.com\/de\/wp-json\/wp\/v2\/pages\/2813\/revisions"}],"predecessor-version":[{"id":28674,"href":"https:\/\/www.easterngraphics.com\/de\/wp-json\/wp\/v2\/pages\/2813\/revisions\/28674"}],"wp:attachment":[{"href":"https:\/\/www.easterngraphics.com\/de\/wp-json\/wp\/v2\/media?parent=2813"}],"curies":[{"name":"wp","href":"https:\/\/api.w.org\/{rel}","templated":true}]}}