{"id":2548,"date":"2022-11-07T13:34:01","date_gmt":"2022-11-07T12:34:01","guid":{"rendered":"https:\/\/www.easterngraphics.com\/?page_id=2548"},"modified":"2026-03-25T16:12:02","modified_gmt":"2026-03-25T15:12:02","slug":"zertifikate","status":"publish","type":"page","link":"https:\/\/www.easterngraphics.com\/de\/zertifikate\/","title":{"rendered":"Zertifikate"},"content":{"rendered":"\t\t<div data-elementor-type=\"wp-page\" data-elementor-id=\"2548\" class=\"elementor elementor-2548\" data-elementor-settings=\"{&quot;ha_cmc_init_switcher&quot;:&quot;no&quot;}\" data-elementor-post-type=\"page\">\n\t\t\t\t<div class=\"elementor-element elementor-element-54c6553 e-flex e-con-boxed e-con e-parent\" data-id=\"54c6553\" data-element_type=\"container\" data-e-type=\"container\" data-settings=\"{&quot;_ha_eqh_enable&quot;:false}\">\n\t\t\t\t\t<div class=\"e-con-inner\">\n\t\t\t\t<div class=\"elementor-element elementor-element-55fbe06 elementor-widget elementor-widget-spacer\" data-id=\"55fbe06\" data-element_type=\"widget\" data-e-type=\"widget\" data-widget_type=\"spacer.default\">\n\t\t\t\t<div class=\"elementor-widget-container\">\n\t\t\t\t\t\t\t<div class=\"elementor-spacer\">\n\t\t\t<div class=\"elementor-spacer-inner\"><\/div>\n\t\t<\/div>\n\t\t\t\t\t\t<\/div>\n\t\t\t\t<\/div>\n\t\t<div class=\"elementor-element elementor-element-6c76e5e e-flex e-con-boxed e-con e-child\" data-id=\"6c76e5e\" data-element_type=\"container\" data-e-type=\"container\" data-settings=\"{&quot;_ha_eqh_enable&quot;:false}\">\n\t\t\t\t\t<div class=\"e-con-inner\">\n\t\t<div class=\"elementor-element elementor-element-815919d e-flex e-con-boxed e-con e-child\" data-id=\"815919d\" data-element_type=\"container\" data-e-type=\"container\" data-settings=\"{&quot;_ha_eqh_enable&quot;:false}\">\n\t\t\t\t\t<div class=\"e-con-inner\">\n\t\t\t\t<div class=\"elementor-element elementor-element-3b9db58 elementor-widget elementor-widget-heading\" data-id=\"3b9db58\" data-element_type=\"widget\" data-e-type=\"widget\" data-widget_type=\"heading.default\">\n\t\t\t\t<div class=\"elementor-widget-container\">\n\t\t\t\t\t<h2 class=\"elementor-heading-title elementor-size-default\">Zertifizierung<\/h2>\t\t\t\t<\/div>\n\t\t\t\t<\/div>\n\t\t\t\t<div class=\"elementor-element elementor-element-8a5ee22 elementor-widget elementor-widget-text-editor\" data-id=\"8a5ee22\" data-element_type=\"widget\" data-e-type=\"widget\" data-widget_type=\"text-editor.default\">\n\t\t\t\t<div class=\"elementor-widget-container\">\n\t\t\t\t\t\t\t\t\t<p>SSL-Zertifikate erm\u00f6glichen die verschl\u00fcsselte und sichere \u00dcbertragung von Daten im firmeneigenen Intranet sowie im Internet. Sie garantieren somit einen optimales Schutz Ihrer Webseite und den sensiblen Daten der Besucher Ihrer Webseite.<\/p><p>Vertrauen in Ihre Produkte und Ihre Arbeit ist die essentielle Basis von Gesch\u00e4ftsbeziehungen und Kundenbindungen.<\/p><p>Schaffen Sie Vertrauen durch den Einsatz eines eigenen SSL-Zertifikats. Wir machen Ihre Webinhalte sicher!<\/p>\t\t\t\t\t\t\t\t<\/div>\n\t\t\t\t<\/div>\n\t\t\t\t\t<\/div>\n\t\t\t\t<\/div>\n\t\t<div class=\"elementor-element elementor-element-56ce705 e-flex e-con-boxed e-con e-child\" data-id=\"56ce705\" data-element_type=\"container\" data-e-type=\"container\" data-settings=\"{&quot;_ha_eqh_enable&quot;:false}\">\n\t\t\t\t\t<div class=\"e-con-inner\">\n\t\t\t\t<div class=\"elementor-element elementor-element-9d874af elementor-widget elementor-widget-image\" data-id=\"9d874af\" data-element_type=\"widget\" data-e-type=\"widget\" data-widget_type=\"image.default\">\n\t\t\t\t<div class=\"elementor-widget-container\">\n\t\t\t\t\t\t\t\t\t\t\t\t\t\t\t<img fetchpriority=\"high\" decoding=\"async\" width=\"800\" height=\"480\" src=\"https:\/\/www.easterngraphics.com\/wp-content\/uploads\/2022\/12\/iStock-1336021984-1024x614.jpg\" class=\"attachment-large size-large wp-image-6517\" alt=\"\" srcset=\"https:\/\/www.easterngraphics.com\/wp-content\/uploads\/2022\/12\/iStock-1336021984-1024x614.jpg 1024w, https:\/\/www.easterngraphics.com\/wp-content\/uploads\/2022\/12\/iStock-1336021984-300x180.jpg 300w, https:\/\/www.easterngraphics.com\/wp-content\/uploads\/2022\/12\/iStock-1336021984-768x461.jpg 768w, https:\/\/www.easterngraphics.com\/wp-content\/uploads\/2022\/12\/iStock-1336021984-1536x922.jpg 1536w, https:\/\/www.easterngraphics.com\/wp-content\/uploads\/2022\/12\/iStock-1336021984-2048x1229.jpg 2048w\" sizes=\"(max-width: 800px) 100vw, 800px\" \/>\t\t\t\t\t\t\t\t\t\t\t\t\t\t\t<\/div>\n\t\t\t\t<\/div>\n\t\t\t\t\t<\/div>\n\t\t\t\t<\/div>\n\t\t\t\t\t<\/div>\n\t\t\t\t<\/div>\n\t\t\t\t<div class=\"elementor-element elementor-element-d48ad97 elementor-widget elementor-widget-spacer\" data-id=\"d48ad97\" data-element_type=\"widget\" data-e-type=\"widget\" data-widget_type=\"spacer.default\">\n\t\t\t\t<div class=\"elementor-widget-container\">\n\t\t\t\t\t\t\t<div class=\"elementor-spacer\">\n\t\t\t<div class=\"elementor-spacer-inner\"><\/div>\n\t\t<\/div>\n\t\t\t\t\t\t<\/div>\n\t\t\t\t<\/div>\n\t\t<div class=\"elementor-element elementor-element-2662ed1 e-flex e-con-boxed e-con e-child\" data-id=\"2662ed1\" data-element_type=\"container\" data-e-type=\"container\" data-settings=\"{&quot;_ha_eqh_enable&quot;:false}\">\n\t\t\t\t\t<div class=\"e-con-inner\">\n\t\t<div class=\"elementor-element elementor-element-015f69a e-flex e-con-boxed e-con e-child\" data-id=\"015f69a\" data-element_type=\"container\" data-e-type=\"container\" data-settings=\"{&quot;_ha_eqh_enable&quot;:false}\">\n\t\t\t\t\t<div class=\"e-con-inner\">\n\t\t\t\t<div class=\"elementor-element elementor-element-40619c5 elementor-pagination-position-outside elementor-widget elementor-widget-image-carousel\" data-id=\"40619c5\" data-element_type=\"widget\" data-e-type=\"widget\" data-settings=\"{&quot;slides_to_show&quot;:&quot;2&quot;,&quot;autoplay_speed&quot;:2000,&quot;navigation&quot;:&quot;dots&quot;,&quot;autoplay&quot;:&quot;yes&quot;,&quot;pause_on_hover&quot;:&quot;yes&quot;,&quot;pause_on_interaction&quot;:&quot;yes&quot;,&quot;infinite&quot;:&quot;yes&quot;,&quot;speed&quot;:500}\" data-widget_type=\"image-carousel.default\">\n\t\t\t\t<div class=\"elementor-widget-container\">\n\t\t\t\t\t\t\t<div class=\"elementor-image-carousel-wrapper swiper\" role=\"region\" aria-roledescription=\"carousel\" aria-label=\"Image Carousel\" dir=\"ltr\">\n\t\t\t<div class=\"elementor-image-carousel swiper-wrapper\" aria-live=\"off\">\n\t\t\t\t\t\t\t\t<div class=\"swiper-slide\" role=\"group\" aria-roledescription=\"slide\" aria-label=\"1 von 4\"><figure class=\"swiper-slide-inner\"><img decoding=\"async\" class=\"swiper-slide-image\" src=\"https:\/\/www.easterngraphics.com\/wp-content\/uploads\/elementor\/thumbs\/thawte_Slide-pz7f5cleq3kc9a6niu0m4p5f4xj65py01av578h2ds.png\" alt=\"thawte_Slide\" \/><\/figure><\/div><div class=\"swiper-slide\" role=\"group\" aria-roledescription=\"slide\" aria-label=\"2 von 4\"><figure class=\"swiper-slide-inner\"><img decoding=\"async\" class=\"swiper-slide-image\" src=\"https:\/\/www.easterngraphics.com\/wp-content\/uploads\/elementor\/thumbs\/GeoTrust_Slide-pz7f5eh33rmwwi3x7utv9oocbp9wl45gpk645sea1c.png\" alt=\"GeoTrust_Slide\" \/><\/figure><\/div><div class=\"swiper-slide\" role=\"group\" aria-roledescription=\"slide\" aria-label=\"3 von 4\"><figure class=\"swiper-slide-inner\"><img decoding=\"async\" class=\"swiper-slide-image\" src=\"https:\/\/www.easterngraphics.com\/wp-content\/uploads\/elementor\/thumbs\/SecureSite_Slide2-pz7f5fexalo7842k2d8hu6fsx359st971otln2cvv4.png\" alt=\"SecureSite_Slide2\" \/><\/figure><\/div><div class=\"swiper-slide\" role=\"group\" aria-roledescription=\"slide\" aria-label=\"4 von 4\"><figure class=\"swiper-slide-inner\"><img decoding=\"async\" class=\"swiper-slide-image\" src=\"https:\/\/www.easterngraphics.com\/wp-content\/uploads\/elementor\/thumbs\/RapidSSL_Slide-pz7f5gcrhfphjq16wvn4eo79ih0n0icxdth34cbhow.png\" alt=\"RapidSSL_Slide\" \/><\/figure><\/div>\t\t\t<\/div>\n\t\t\t\t\t\t\t\n\t\t\t\t\t\t\t\t\t<div class=\"swiper-pagination\"><\/div>\n\t\t\t\t\t\t\t\t\t<\/div>\n\t\t\t\t\t\t<\/div>\n\t\t\t\t<\/div>\n\t\t\t\t\t<\/div>\n\t\t\t\t<\/div>\n\t\t<div class=\"elementor-element elementor-element-3bd78a2 e-flex e-con-boxed e-con e-child\" data-id=\"3bd78a2\" data-element_type=\"container\" data-e-type=\"container\" data-settings=\"{&quot;_ha_eqh_enable&quot;:false}\">\n\t\t\t\t\t<div class=\"e-con-inner\">\n\t\t\t\t<div class=\"elementor-element elementor-element-6c69efa elementor-widget elementor-widget-heading\" data-id=\"6c69efa\" data-element_type=\"widget\" data-e-type=\"widget\" data-widget_type=\"heading.default\">\n\t\t\t\t<div class=\"elementor-widget-container\">\n\t\t\t\t\t<h2 class=\"elementor-heading-title elementor-size-default\">Partnerschaft mit DigiCert\u00ae<\/h2>\t\t\t\t<\/div>\n\t\t\t\t<\/div>\n\t\t\t\t<div class=\"elementor-element elementor-element-9f1ad50 elementor-widget elementor-widget-text-editor\" data-id=\"9f1ad50\" data-element_type=\"widget\" data-e-type=\"widget\" data-widget_type=\"text-editor.default\">\n\t\t\t\t<div class=\"elementor-widget-container\">\n\t\t\t\t\t\t\t\t\t<p>Im Oktober 2017 hat der amerikanische Anbieter von SSL-Zertifikaten DigiCert\u00ae die <a href=\"https:\/\/www.digicert.com\/de\" target=\"_blank\" rel=\"noopener\">\u00dcbernahme von Symantec<\/a> abgeschlossen, um durch die Zusammenlegung beider Firmen einen h\u00f6hreren Sicherheitsstandard f\u00fcr die Kunden zu gew\u00e4hrleisten. Wir vertrauen auf die Hohe Qualit\u00e4t der DigiCert\u00ae Zertifikate und geben dieses Vertrauen gern an Sie weiter.<\/p><p>Informieren Sie sich zu den den Zertifikaten:<\/p><p><a href=\"https:\/\/www.easterngraphics.com\\\/de\/zertifikate-thawte\/\" rel=\"noopener\">thawte\u2122 <\/a>| <a href=\"https:\/\/www.easterngraphics.com\\\/de\/zertifikate-geotrust\/\" rel=\"noopener\">GeoTrust\u00ae<\/a> | <a href=\"https:\/\/www.easterngraphics.com\\\/de\/zertifikate-securesite\/\" rel=\"noopener\">Secure Site<\/a> | <a href=\"https:\/\/www.easterngraphics.com\\\/de\/zertifikate-rapidssl\/\" rel=\"noopener\">RapidSSL<\/a><\/p>\t\t\t\t\t\t\t\t<\/div>\n\t\t\t\t<\/div>\n\t\t\t\t\t<\/div>\n\t\t\t\t<\/div>\n\t\t\t\t\t<\/div>\n\t\t\t\t<\/div>\n\t\t\t\t<div class=\"elementor-element elementor-element-9970da5 elementor-widget elementor-widget-spacer\" data-id=\"9970da5\" data-element_type=\"widget\" data-e-type=\"widget\" data-widget_type=\"spacer.default\">\n\t\t\t\t<div class=\"elementor-widget-container\">\n\t\t\t\t\t\t\t<div class=\"elementor-spacer\">\n\t\t\t<div class=\"elementor-spacer-inner\"><\/div>\n\t\t<\/div>\n\t\t\t\t\t\t<\/div>\n\t\t\t\t<\/div>\n\t\t\t\t<div class=\"elementor-element elementor-element-8e6cc28 elementor-widget-divider--view-line elementor-widget elementor-widget-divider\" data-id=\"8e6cc28\" data-element_type=\"widget\" data-e-type=\"widget\" data-widget_type=\"divider.default\">\n\t\t\t\t<div class=\"elementor-widget-container\">\n\t\t\t\t\t\t\t<div class=\"elementor-divider\">\n\t\t\t<span class=\"elementor-divider-separator\">\n\t\t\t\t\t\t<\/span>\n\t\t<\/div>\n\t\t\t\t\t\t<\/div>\n\t\t\t\t<\/div>\n\t\t\t\t<div class=\"elementor-element elementor-element-ad43081 elementor-widget elementor-widget-spacer\" data-id=\"ad43081\" data-element_type=\"widget\" data-e-type=\"widget\" data-widget_type=\"spacer.default\">\n\t\t\t\t<div class=\"elementor-widget-container\">\n\t\t\t\t\t\t\t<div class=\"elementor-spacer\">\n\t\t\t<div class=\"elementor-spacer-inner\"><\/div>\n\t\t<\/div>\n\t\t\t\t\t\t<\/div>\n\t\t\t\t<\/div>\n\t\t<div class=\"elementor-element elementor-element-f1bdfcc e-flex e-con-boxed e-con e-child\" data-id=\"f1bdfcc\" data-element_type=\"container\" data-e-type=\"container\" data-settings=\"{&quot;_ha_eqh_enable&quot;:false}\">\n\t\t\t\t\t<div class=\"e-con-inner\">\n\t\t<div class=\"elementor-element elementor-element-bdd84d3 e-flex e-con-boxed e-con e-child\" data-id=\"bdd84d3\" data-element_type=\"container\" data-e-type=\"container\" data-settings=\"{&quot;_ha_eqh_enable&quot;:false}\">\n\t\t\t\t\t<div class=\"e-con-inner\">\n\t\t\t\t<div class=\"elementor-element elementor-element-79c1dfe elementor-widget elementor-widget-heading\" data-id=\"79c1dfe\" data-element_type=\"widget\" data-e-type=\"widget\" data-widget_type=\"heading.default\">\n\t\t\t\t<div class=\"elementor-widget-container\">\n\t\t\t\t\t<h2 class=\"elementor-heading-title elementor-size-default\">Wir stehen Ihnen zur Seite<\/h2>\t\t\t\t<\/div>\n\t\t\t\t<\/div>\n\t\t\t\t<div class=\"elementor-element elementor-element-9aa8956 elementor-widget elementor-widget-text-editor\" data-id=\"9aa8956\" data-element_type=\"widget\" data-e-type=\"widget\" data-widget_type=\"text-editor.default\">\n\t\t\t\t<div class=\"elementor-widget-container\">\n\t\t\t\t\t\t\t\t\t<p>Gerne \u00fcbernehmen wir f\u00fcr Sie die Beantragung Ihres Zertifikates sowie die Zahlungsabwicklung. Profitieren Sie von diesen <a href=\"https:\/\/www.easterngraphics.com\\\/de\/zertifikate-vorteile\/\">Vorteilen<\/a>:<\/p><ul><li>Zeit- und Kostenersparnis durch minimalen Aufwand Ihrerseits<\/li><li>Schnelle, direkte Kommunikation: pers\u00f6nlicher Telefonkontakt sowie deutschsprachige Beratung<\/li><li>Technisches Know-How durch unsere mehr als 20-j\u00e4hrige Erfahrung und Unterst\u00fctzung durch das DigiCert\u00ae-Support-Team<\/li><li>Geld-zur\u00fcck-Garantie<\/li><li>Kostenloser Umtausch<\/li><\/ul>\t\t\t\t\t\t\t\t<\/div>\n\t\t\t\t<\/div>\n\t\t\t\t\t<\/div>\n\t\t\t\t<\/div>\n\t\t\t\t\t<\/div>\n\t\t\t\t<\/div>\n\t\t\t\t<div class=\"elementor-element elementor-element-9a791fd elementor-widget elementor-widget-spacer\" data-id=\"9a791fd\" data-element_type=\"widget\" data-e-type=\"widget\" data-widget_type=\"spacer.default\">\n\t\t\t\t<div class=\"elementor-widget-container\">\n\t\t\t\t\t\t\t<div class=\"elementor-spacer\">\n\t\t\t<div class=\"elementor-spacer-inner\"><\/div>\n\t\t<\/div>\n\t\t\t\t\t\t<\/div>\n\t\t\t\t<\/div>\n\t\t\t\t\t<\/div>\n\t\t\t\t<\/div>\n\t\t<div class=\"elementor-element elementor-element-1736836 e-con-full e-flex e-con e-parent\" data-id=\"1736836\" data-element_type=\"container\" data-e-type=\"container\" data-settings=\"{&quot;background_background&quot;:&quot;classic&quot;,&quot;_ha_eqh_enable&quot;:false}\">\n\t\t<div class=\"elementor-element elementor-element-9205ca5 e-con-full e-flex e-con e-child\" data-id=\"9205ca5\" data-element_type=\"container\" data-e-type=\"container\" data-settings=\"{&quot;background_background&quot;:&quot;classic&quot;,&quot;_ha_eqh_enable&quot;:false}\">\n\t\t<div class=\"elementor-element elementor-element-2c2a330 e-con-full e-flex e-con e-child\" data-id=\"2c2a330\" data-element_type=\"container\" data-e-type=\"container\" data-settings=\"{&quot;_ha_eqh_enable&quot;:false}\">\n\t\t\t\t<div class=\"elementor-element elementor-element-a4f8d2d elementor-widget elementor-widget-heading\" data-id=\"a4f8d2d\" data-element_type=\"widget\" data-e-type=\"widget\" data-widget_type=\"heading.default\">\n\t\t\t\t<div class=\"elementor-widget-container\">\n\t\t\t\t\t<h2 class=\"elementor-heading-title elementor-size-large\">Sie haben Fragen?<\/h2>\t\t\t\t<\/div>\n\t\t\t\t<\/div>\n\t\t\t\t<div class=\"elementor-element elementor-element-5d83d32 elementor-widget elementor-widget-text-editor\" data-id=\"5d83d32\" data-element_type=\"widget\" data-e-type=\"widget\" data-widget_type=\"text-editor.default\">\n\t\t\t\t<div class=\"elementor-widget-container\">\n\t\t\t\t\t\t\t\t\t<p style=\"text-align: center;\">Kontaktieren Sie uns gerne.<\/p>\t\t\t\t\t\t\t\t<\/div>\n\t\t\t\t<\/div>\n\t\t\t\t<div class=\"elementor-element elementor-element-6a738e7 fluentform-widget-submit-button-custom elementor-widget elementor-widget-fluent-form-widget\" data-id=\"6a738e7\" data-element_type=\"widget\" data-e-type=\"widget\" data-widget_type=\"fluent-form-widget.default\">\n\t\t\t\t<div class=\"elementor-widget-container\">\n\t\t\t\t\t\n            <div class=\"fluentform-widget-wrapper fluentform-widget-custom-radio-checkbox fluentform-widget-align-default\">\n\n            \n            <div class='fluentform ff-default fluentform_wrapper_5 ffs_default_wrap'><form data-form_id=\"5\" id=\"fluentform_5\" class=\"frm-fluent-form fluent_form_5 ff-el-form-top ff_form_instance_5_1 ff-form-loading ffs_default\" data-form_instance=\"ff_form_instance_5_1\" method=\"POST\" ><fieldset  style=\"border: none!important;margin: 0!important;padding: 0!important;background-color: transparent!important;box-shadow: none!important;outline: none!important; min-inline-size: 100%;\">\n                    <legend class=\"ff_screen_reader_title\" style=\"display: block; margin: 0!important;padding: 0!important;height: 0!important;text-indent: -999999px;width: 0!important;overflow:hidden;\">[EGR-DE] Certificates - DE<\/legend><input type='hidden' name='__fluent_form_embded_post_id' value='2548' \/><input type=\"hidden\" id=\"_fluentform_5_fluentformnonce\" name=\"_fluentform_5_fluentformnonce\" value=\"822ea0a974\" \/><input type=\"hidden\" name=\"_wp_http_referer\" value=\"\/de\/wp-json\/wp\/v2\/pages\/2548\" \/><div data-name=\"ff_cn_id_1\"  class='ff-t-container ff-column-container ff_columns_total_1 '><div class='ff-t-cell ff-t-column-1' style='flex-basis: 100%;'><div data-type=\"name-element\" data-name=\"names\" class=\" ff-field_container ff-name-field-wrapper\" ><div class='ff-t-container'><div class='ff-t-cell '><div class='ff-el-group  ff-el-form-top'><div class=\"ff-el-input--label ff-el-is-required asterisk-right\"><label for='ff_5_names_last_name_' id='label_ff_5_names_last_name_' >Name<\/label><\/div><div class='ff-el-input--content'><input type=\"text\" name=\"names[last_name]\" id=\"ff_5_names_last_name_\" class=\"ff-el-form-control\" aria-invalid=\"false\" aria-required=true><\/div><\/div><\/div><\/div><\/div><div class='ff-el-group'><div class=\"ff-el-input--label asterisk-right\"><label for='ff_5_input_text_1' id='label_ff_5_input_text_1' aria-label=\"Firma\">Firma<\/label><\/div><div class='ff-el-input--content'><input type=\"text\" name=\"input_text_1\" class=\"ff-el-form-control\" data-name=\"input_text_1\" id=\"ff_5_input_text_1\"  aria-invalid=\"false\" aria-required=false><\/div><\/div><div class='ff-el-group'><div class=\"ff-el-input--label asterisk-right\"><label for='ff_5_input_text' id='label_ff_5_input_text' aria-label=\"Telefonnummer\">Telefonnummer<\/label><\/div><div class='ff-el-input--content'><input type=\"text\" name=\"input_text\" class=\"ff-el-form-control\" data-name=\"input_text\" id=\"ff_5_input_text\"  aria-invalid=\"false\" aria-required=false><\/div><\/div><div class='ff-el-group'><div class=\"ff-el-input--label ff-el-is-required asterisk-right\"><label for='ff_5_email' id='label_ff_5_email' aria-label=\"E-Mail\">E-Mail<\/label><\/div><div class='ff-el-input--content'><input type=\"email\" name=\"email\" id=\"ff_5_email\" class=\"ff-el-form-control\" data-name=\"email\"  aria-invalid=\"false\" aria-required=true><\/div><\/div><\/div><\/div><div data-name=\"ff_cn_id_2\"  class='ff-t-container ff-column-container ff_columns_total_1 '><div class='ff-t-cell ff-t-column-1' style='flex-basis: 100%;'><div class='ff-el-group'><div class=\"ff-el-input--label ff-el-is-required asterisk-right\"><label for='ff_5_dropdown' id='label_ff_5_dropdown' aria-label=\"Betreff\">Betreff<\/label><\/div><div class='ff-el-input--content'><select name=\"dropdown\" id=\"ff_5_dropdown\" class=\"ff-el-form-control\" data-name=\"dropdown\" data-calc_value=\"0\"  aria-invalid=\"false\" aria-required=\"true\" aria-labelledby=\"label_ff_5_dropdown\"><option value=\"\">- Bitte ausw\u00e4hlen -<\/option><option value=\"thawte\u2122 - SSL-Webserver-Zertifikat (40 bis 256 Bit)\"  >thawte\u2122 - SSL-Webserver-Zertifikat (40 bis 256 Bit)<\/option><option value=\"thawte\u2122 - SSL-Webserver-Zertifikat mit EV (40 bis 256 Bit)\"  >thawte\u2122 - SSL-Webserver-Zertifikat mit EV (40 bis 256 Bit)<\/option><option value=\"thawte\u2122 - SSL-Webserver Wildcard Zertifikat (40 bis 256 Bit)\"  >thawte\u2122 - SSL-Webserver Wildcard Zertifikat (40 bis 256 Bit)<\/option><option value=\"thawte\u2122 - SSL 123-Serverzertifikat (40 bis 256 Bit)\"  >thawte\u2122 - SSL 123-Serverzertifikat (40 bis 256 Bit)<\/option><option value=\"thawte\u2122 - Entwicklerzertifikat\"  >thawte\u2122 - Entwicklerzertifikat<\/option><option value=\"GeoTrust\u00ae - True BusinessID Zertifikat\"  >GeoTrust\u00ae - True BusinessID Zertifikat<\/option><option value=\"GeoTrust\u00ae - True BusinessID Zertifikat mit EV\"  >GeoTrust\u00ae - True BusinessID Zertifikat mit EV<\/option><option value=\"GeoTrust\u00ae - True BusinessID Wildcard Zertifikat\"  >GeoTrust\u00ae - True BusinessID Wildcard Zertifikat<\/option><option value=\"GeoTrust\u00ae - Quick SSL Premium Zertifikat\"  >GeoTrust\u00ae - Quick SSL Premium Zertifikat<\/option><option value=\"Secure Site Zertifikat\"  >Secure Site Zertifikat<\/option><option value=\"Secure Site Pro Zertifikat\"  >Secure Site Pro Zertifikat<\/option><option value=\"RapidSSL - Einsteiger-Zertifikat\"  >RapidSSL - Einsteiger-Zertifikat<\/option><option value=\"RapidSSL - Wildcard Zertifikat\"  >RapidSSL - Wildcard Zertifikat<\/option><option value=\"Andere Anfrage\"  >Andere Anfrage<\/option><option value=\"Zertifikatsverl\u00e4ngerung\"  >Zertifikatsverl\u00e4ngerung<\/option><\/select><\/div><\/div><div class='ff-el-group'><div class=\"ff-el-input--label ff-el-is-required asterisk-right\"><label for='ff_5_message' id='label_ff_5_message' aria-label=\"Wie k\u00f6nnen wir Ihnen helfen?\">Wie k\u00f6nnen wir Ihnen helfen?<\/label><\/div><div class='ff-el-input--content'><input type=\"text\" name=\"message\" class=\"ff-el-form-control\" data-name=\"message\" id=\"ff_5_message\"  aria-invalid=\"false\" aria-required=true><\/div><\/div><\/div><\/div><div data-name=\"ff_cn_id_3\"  class='ff-t-container ff-column-container ff_columns_total_2 '><div class='ff-t-cell ff-t-column-1' style='flex-basis: 50%;'><div class='ff-el-group    ff-el-input--content'><div class='ff-el-form-check ff-el-tc'><label aria-label='Terms and Conditions: Ich stimme den Datenschutz\u00adbedingungen zu. *\nAlle mit * gekennzeichneten Felder sind Pflichtfelder. Contains 1 link. Use tab navigation to review.' class='ff-el-form-check-label ff_tc_label' for=terms-n-condition_57d8fc1ad5af84e0de820103b0f3e5bf><span class='ff_tc_checkbox'><input type=\"checkbox\" name=\"terms-n-condition\" class=\"ff-el-form-check-input\" data-name=\"terms-n-condition\" id=\"terms-n-condition_57d8fc1ad5af84e0de820103b0f3e5bf\"  value='on' aria-invalid='false' aria-required=false><\/span> <div class='ff_t_c'><p>Ich stimme den <a class=\"primary external\" href=\"https:\/\/pcon-solutions.com\/de\/legal-notice\/\" target=\"_blank\" rel=\"noopener\">Datenschutz\u00adbedingungen<\/a> zu. *<\/p>\n<p><small>Alle mit * gekennzeichneten Felder sind Pflichtfelder.<\/small><\/p><\/div><\/label><\/div><\/div><\/div><div class='ff-t-cell ff-t-column-2' style='flex-basis: 50%;'><\/div><\/div><div data-name=\"ff_cn_id_4\"  class='ff-t-container ff-column-container ff_columns_total_1 '><div class='ff-t-cell ff-t-column-1' style='flex-basis: %;'><\/div><\/div><div class='ff-el-group ff-text-right ff_submit_btn_wrapper'><button type=\"submit\" class=\"ff-btn ff-btn-submit ff-btn-md ff_btn_style\"  aria-label=\"Senden\">Senden<\/button><\/div><\/fieldset><\/form><div id='fluentform_5_errors' class='ff-errors-in-stack ff_form_instance_5_1 ff-form-loading_errors ff_form_instance_5_1_errors'><\/div><\/div>            <script type=\"text\/javascript\">\n                window.fluent_form_ff_form_instance_5_1 = {\"id\":\"5\",\"settings\":{\"layout\":{\"labelPlacement\":\"top\",\"helpMessagePlacement\":\"with_label\",\"errorMessagePlacement\":\"inline\",\"cssClassName\":\"\",\"asteriskPlacement\":\"asterisk-right\"},\"restrictions\":{\"denyEmptySubmission\":{\"enabled\":false}}},\"form_instance\":\"ff_form_instance_5_1\",\"form_id_selector\":\"fluentform_5\",\"rules\":{\"names[first_name]\":{\"required\":{\"value\":false,\"message\":\"Dieses Feld ist erforderlich\"}},\"names[middle_name]\":{\"required\":{\"value\":false,\"message\":\"Dieses Feld ist erforderlich\"}},\"names[last_name]\":{\"required\":{\"value\":true,\"message\":\"Dieses Feld ist erforderlich\"}},\"input_text_1\":{\"required\":{\"value\":false,\"message\":\"Dieses Feld ist erforderlich\"}},\"input_text\":{\"required\":{\"value\":false,\"message\":\"Dieses Feld ist erforderlich\"}},\"email\":{\"required\":{\"value\":true,\"message\":\"Dieses Feld ist erforderlich\"},\"email\":{\"value\":true,\"message\":\"Dieses Feld muss eine g\\u00fcltige E-Mail-Adresse enthalten\"}},\"dropdown\":{\"required\":{\"value\":true,\"message\":\"Dieses Feld ist erforderlich\"}},\"message\":{\"required\":{\"value\":true,\"message\":\"Dieses Feld ist erforderlich\"}},\"terms-n-condition\":{\"required\":{\"value\":false,\"message\":\"Dieses Feld ist erforderlich\"}},\"g-recaptcha-response\":[]},\"debounce_time\":300};\n                            <\/script>\n                        <\/div>\n\n            \t\t\t\t<\/div>\n\t\t\t\t<\/div>\n\t\t\t\t<\/div>\n\t\t\t\t<\/div>\n\t\t\t\t<\/div>\n\t\t\t\t<\/div>\n\t\t","protected":false},"excerpt":{"rendered":"<p>Zertifizierung SSL-Zertifikate erm\u00f6glichen die verschl\u00fcsselte und sichere \u00dcbertragung von Daten im firmeneigenen Intranet sowie im Internet. Sie garantieren somit einen optimales Schutz Ihrer Webseite und den sensiblen Daten der Besucher Ihrer Webseite. Vertrauen in Ihre Produkte und Ihre Arbeit ist die essentielle Basis von Gesch\u00e4ftsbeziehungen und Kundenbindungen. Schaffen Sie Vertrauen durch den Einsatz eines eigenen [&hellip;]<\/p>\n","protected":false},"author":2,"featured_media":0,"parent":0,"menu_order":0,"comment_status":"closed","ping_status":"closed","template":"","meta":{"footnotes":""},"class_list":["post-2548","page","type-page","status-publish","hentry"],"_links":{"self":[{"href":"https:\/\/www.easterngraphics.com\/de\/wp-json\/wp\/v2\/pages\/2548","targetHints":{"allow":["GET"]}}],"collection":[{"href":"https:\/\/www.easterngraphics.com\/de\/wp-json\/wp\/v2\/pages"}],"about":[{"href":"https:\/\/www.easterngraphics.com\/de\/wp-json\/wp\/v2\/types\/page"}],"author":[{"embeddable":true,"href":"https:\/\/www.easterngraphics.com\/de\/wp-json\/wp\/v2\/users\/2"}],"replies":[{"embeddable":true,"href":"https:\/\/www.easterngraphics.com\/de\/wp-json\/wp\/v2\/comments?post=2548"}],"version-history":[{"count":199,"href":"https:\/\/www.easterngraphics.com\/de\/wp-json\/wp\/v2\/pages\/2548\/revisions"}],"predecessor-version":[{"id":28710,"href":"https:\/\/www.easterngraphics.com\/de\/wp-json\/wp\/v2\/pages\/2548\/revisions\/28710"}],"wp:attachment":[{"href":"https:\/\/www.easterngraphics.com\/de\/wp-json\/wp\/v2\/media?parent=2548"}],"curies":[{"name":"wp","href":"https:\/\/api.w.org\/{rel}","templated":true}]}}