{"id":11478,"date":"2022-12-06T14:50:09","date_gmt":"2022-12-06T13:50:09","guid":{"rendered":"https:\/\/www.easterngraphics.com\/support\/"},"modified":"2023-04-18T14:40:27","modified_gmt":"2023-04-18T12:40:27","slug":"support","status":"publish","type":"page","link":"https:\/\/www.easterngraphics.com\/de\/support\/","title":{"rendered":"Support DE"},"content":{"rendered":"\t\t<div data-elementor-type=\"wp-page\" data-elementor-id=\"11478\" class=\"elementor elementor-11478\" data-elementor-settings=\"{&quot;ha_cmc_init_switcher&quot;:&quot;no&quot;}\" data-elementor-post-type=\"page\">\n\t\t\t\t<div class=\"elementor-element elementor-element-54c6553 e-flex e-con-boxed e-con e-parent\" data-id=\"54c6553\" data-element_type=\"container\" data-e-type=\"container\" data-settings=\"{&quot;_ha_eqh_enable&quot;:false}\">\n\t\t\t\t\t<div class=\"e-con-inner\">\n\t\t\t\t<div class=\"elementor-element elementor-element-55fbe06 elementor-widget elementor-widget-spacer\" data-id=\"55fbe06\" data-element_type=\"widget\" data-e-type=\"widget\" data-widget_type=\"spacer.default\">\n\t\t\t\t<div class=\"elementor-widget-container\">\n\t\t\t\t\t\t\t<div class=\"elementor-spacer\">\n\t\t\t<div class=\"elementor-spacer-inner\"><\/div>\n\t\t<\/div>\n\t\t\t\t\t\t<\/div>\n\t\t\t\t<\/div>\n\t\t<div class=\"elementor-element elementor-element-6c76e5e e-con-full e-flex e-con e-parent\" data-id=\"6c76e5e\" data-element_type=\"container\" data-e-type=\"container\" data-settings=\"{&quot;_ha_eqh_enable&quot;:false}\">\n\t\t<div class=\"elementor-element elementor-element-815919d e-flex e-con-boxed e-con e-parent\" data-id=\"815919d\" data-element_type=\"container\" data-e-type=\"container\" data-settings=\"{&quot;_ha_eqh_enable&quot;:false}\">\n\t\t\t\t\t<div class=\"e-con-inner\">\n\t\t\t\t<div class=\"elementor-element elementor-element-3b9db58 elementor-widget elementor-widget-heading\" data-id=\"3b9db58\" data-element_type=\"widget\" data-e-type=\"widget\" data-widget_type=\"heading.default\">\n\t\t\t\t<div class=\"elementor-widget-container\">\n\t\t\t\t\t<h2 class=\"elementor-heading-title elementor-size-default\">Ihre Fragen - unser Support<\/h2>\t\t\t\t<\/div>\n\t\t\t\t<\/div>\n\t\t\t\t<div class=\"elementor-element elementor-element-8a5ee22 elementor-widget elementor-widget-text-editor\" data-id=\"8a5ee22\" data-element_type=\"widget\" data-e-type=\"widget\" data-widget_type=\"text-editor.default\">\n\t\t\t\t<div class=\"elementor-widget-container\">\n\t\t\t\t\t\t\t\t\t<p style=\"text-align: center;\">Unser oberstes Ziel ist es, Sie optimal in der t\u00e4glichen Anwendung unserer Software zu betreuen. Bei Fragen oder Problemen stehen Ihnen unsere Experten gern beratend zur Verf\u00fcgung. Wir helfen Ihnen, die passende Antwort zu finden.<\/p>\t\t\t\t\t\t\t\t<\/div>\n\t\t\t\t<\/div>\n\t\t\t\t<div class=\"elementor-element elementor-element-9970da5 elementor-widget elementor-widget-spacer\" data-id=\"9970da5\" data-element_type=\"widget\" data-e-type=\"widget\" data-widget_type=\"spacer.default\">\n\t\t\t\t<div class=\"elementor-widget-container\">\n\t\t\t\t\t\t\t<div class=\"elementor-spacer\">\n\t\t\t<div class=\"elementor-spacer-inner\"><\/div>\n\t\t<\/div>\n\t\t\t\t\t\t<\/div>\n\t\t\t\t<\/div>\n\t\t<div class=\"elementor-element elementor-element-2bfb65e e-flex e-con-boxed e-con e-parent\" data-id=\"2bfb65e\" data-element_type=\"container\" data-e-type=\"container\" data-settings=\"{&quot;_ha_eqh_enable&quot;:false}\">\n\t\t\t\t\t<div class=\"e-con-inner\">\n\t\t<div class=\"elementor-element elementor-element-ad0ce73 e-flex e-con-boxed e-con e-parent\" data-id=\"ad0ce73\" data-element_type=\"container\" data-e-type=\"container\" data-settings=\"{&quot;_ha_eqh_enable&quot;:false}\">\n\t\t\t\t\t<div class=\"e-con-inner\">\n\t\t\t\t<div class=\"elementor-element elementor-element-77e3545 elementor-widget elementor-widget-heading\" data-id=\"77e3545\" data-element_type=\"widget\" data-e-type=\"widget\" data-widget_type=\"heading.default\">\n\t\t\t\t<div class=\"elementor-widget-container\">\n\t\t\t\t\t<h3 class=\"elementor-heading-title elementor-size-default\">Kunden unserer Vertriebspartner<\/h3>\t\t\t\t<\/div>\n\t\t\t\t<\/div>\n\t\t\t\t<div class=\"elementor-element elementor-element-20eebaa elementor-widget elementor-widget-text-editor\" data-id=\"20eebaa\" data-element_type=\"widget\" data-e-type=\"widget\" data-widget_type=\"text-editor.default\">\n\t\t\t\t<div class=\"elementor-widget-container\">\n\t\t\t\t\t\t\t\t\t<p style=\"text-align: center;\">Der f\u00fcr Ihr Unternehmen zust\u00e4ndige Partner ist mit Ihren Vertr\u00e4gen und Ihrer Branche vertraut und kann Sie bei Fragen optimal unterst\u00fctzen. Nehmen Sie <a href=\"https:\/\/www.easterngraphics.com\/de\/international\/\">direkt Kontakt<\/a> auf.<\/p>\t\t\t\t\t\t\t\t<\/div>\n\t\t\t\t<\/div>\n\t\t\t\t<div class=\"elementor-element elementor-element-2e09bf6 elementor-widget elementor-widget-image\" data-id=\"2e09bf6\" data-element_type=\"widget\" data-e-type=\"widget\" data-widget_type=\"image.default\">\n\t\t\t\t<div class=\"elementor-widget-container\">\n\t\t\t\t\t\t\t\t\t\t\t\t\t\t\t<img decoding=\"async\" src=\"https:\/\/www.easterngraphics.com\/wp-content\/uploads\/elementor\/thumbs\/International_Final_4k_Fog-min-pzatveibf5w4kn6jxosltw8lzsgzklzi7scufjfdws.png\" title=\"International_Final_4k_Fog-min\" alt=\"International_Final_4k_Fog-min\" loading=\"lazy\" \/>\t\t\t\t\t\t\t\t\t\t\t\t\t\t\t<\/div>\n\t\t\t\t<\/div>\n\t\t\t\t\t<\/div>\n\t\t\t\t<\/div>\n\t\t<div class=\"elementor-element elementor-element-10a4a44 e-flex e-con-boxed e-con e-parent\" data-id=\"10a4a44\" data-element_type=\"container\" data-e-type=\"container\" data-settings=\"{&quot;_ha_eqh_enable&quot;:false}\">\n\t\t\t\t\t<div class=\"e-con-inner\">\n\t\t\t\t<div class=\"elementor-element elementor-element-43776e2 elementor-hidden-desktop elementor-hidden-tablet elementor-widget elementor-widget-spacer\" data-id=\"43776e2\" data-element_type=\"widget\" data-e-type=\"widget\" data-widget_type=\"spacer.default\">\n\t\t\t\t<div class=\"elementor-widget-container\">\n\t\t\t\t\t\t\t<div class=\"elementor-spacer\">\n\t\t\t<div class=\"elementor-spacer-inner\"><\/div>\n\t\t<\/div>\n\t\t\t\t\t\t<\/div>\n\t\t\t\t<\/div>\n\t\t\t\t<div class=\"elementor-element elementor-element-36554ef elementor-widget elementor-widget-heading\" data-id=\"36554ef\" data-element_type=\"widget\" data-e-type=\"widget\" data-widget_type=\"heading.default\">\n\t\t\t\t<div class=\"elementor-widget-container\">\n\t\t\t\t\t<h3 class=\"elementor-heading-title elementor-size-default\">Sie sind Direktkunde?<\/h3>\t\t\t\t<\/div>\n\t\t\t\t<\/div>\n\t\t\t\t<div class=\"elementor-element elementor-element-20d0c8c elementor-widget elementor-widget-text-editor\" data-id=\"20d0c8c\" data-element_type=\"widget\" data-e-type=\"widget\" data-widget_type=\"text-editor.default\">\n\t\t\t\t<div class=\"elementor-widget-container\">\n\t\t\t\t\t\t\t\t\t<p style=\"text-align: center;\">Direktkunden der EasternGraphics GmbH k\u00f6nnen uns direkt und ganz ohne Warteschleife per Email erreichen: <a href=\"mailto:support@EasternGraphics.com\">support@EasternGraphics.com<\/a><\/p>\t\t\t\t\t\t\t\t<\/div>\n\t\t\t\t<\/div>\n\t\t\t\t<div class=\"elementor-element elementor-element-e1276b3 elementor-widget elementor-widget-image\" data-id=\"e1276b3\" data-element_type=\"widget\" data-e-type=\"widget\" data-widget_type=\"image.default\">\n\t\t\t\t<div class=\"elementor-widget-container\">\n\t\t\t\t\t\t\t\t\t\t\t\t\t\t\t<img decoding=\"async\" src=\"https:\/\/www.easterngraphics.com\/wp-content\/uploads\/elementor\/thumbs\/close-up-female-student-typing-laptop-table-min-scaled-pzduefhwv8bgqu08n0tmegy3u18b51m4ds0jhgfsq4.jpg\" title=\"close-up-female-student-typing-laptop-table-min\" alt=\"close-up-female-student-typing-laptop-table-min\" loading=\"lazy\" \/>\t\t\t\t\t\t\t\t\t\t\t\t\t\t\t<\/div>\n\t\t\t\t<\/div>\n\t\t\t\t\t<\/div>\n\t\t\t\t<\/div>\n\t\t\t\t\t<\/div>\n\t\t\t\t<\/div>\n\t\t\t\t<div class=\"elementor-element elementor-element-eb2e2f5 elementor-widget elementor-widget-spacer\" data-id=\"eb2e2f5\" data-element_type=\"widget\" data-e-type=\"widget\" data-widget_type=\"spacer.default\">\n\t\t\t\t<div class=\"elementor-widget-container\">\n\t\t\t\t\t\t\t<div class=\"elementor-spacer\">\n\t\t\t<div class=\"elementor-spacer-inner\"><\/div>\n\t\t<\/div>\n\t\t\t\t\t\t<\/div>\n\t\t\t\t<\/div>\n\t\t\t\t<div class=\"elementor-element elementor-element-0ee7702 elementor-widget-divider--view-line elementor-widget elementor-widget-divider\" data-id=\"0ee7702\" data-element_type=\"widget\" data-e-type=\"widget\" data-widget_type=\"divider.default\">\n\t\t\t\t<div class=\"elementor-widget-container\">\n\t\t\t\t\t\t\t<div class=\"elementor-divider\">\n\t\t\t<span class=\"elementor-divider-separator\">\n\t\t\t\t\t\t<\/span>\n\t\t<\/div>\n\t\t\t\t\t\t<\/div>\n\t\t\t\t<\/div>\n\t\t<div class=\"elementor-element elementor-element-2c77886 e-flex e-con-boxed e-con e-parent\" data-id=\"2c77886\" data-element_type=\"container\" data-e-type=\"container\" data-settings=\"{&quot;_ha_eqh_enable&quot;:false}\">\n\t\t\t\t\t<div class=\"e-con-inner\">\n\t\t\t\t<div class=\"elementor-element elementor-element-babb7fd elementor-widget elementor-widget-heading\" data-id=\"babb7fd\" data-element_type=\"widget\" data-e-type=\"widget\" data-widget_type=\"heading.default\">\n\t\t\t\t<div class=\"elementor-widget-container\">\n\t\t\t\t\t<h2 class=\"elementor-heading-title elementor-size-default\">Ihre Meinung ist uns wichtig<\/h2>\t\t\t\t<\/div>\n\t\t\t\t<\/div>\n\t\t\t\t<div class=\"elementor-element elementor-element-c38b736 elementor-widget elementor-widget-text-editor\" data-id=\"c38b736\" data-element_type=\"widget\" data-e-type=\"widget\" data-widget_type=\"text-editor.default\">\n\t\t\t\t<div class=\"elementor-widget-container\">\n\t\t\t\t\t\t\t\t\t<p style=\"text-align: center;\">Wir arbeiten kontinuierlich an der Optimierung unserer Produkte und Dienstleistungen. Bitte z\u00f6gern Sie nicht, uns Ihre Hinweise, Anliegen und W\u00fcnsche mitzuteilen. Schicken Sie hierf\u00fcr eine Email an: <a href=\"mailto:support@EasternGraphics.com\">support@EasternGraphics.com<\/a>.<\/p>\t\t\t\t\t\t\t\t<\/div>\n\t\t\t\t<\/div>\n\t\t\t\t\t<\/div>\n\t\t\t\t<\/div>\n\t\t\t\t\t<\/div>\n\t\t\t\t<\/div>\n\t\t\t\t<\/div>\n\t\t\t\t<div class=\"elementor-element elementor-element-9a791fd elementor-widget elementor-widget-spacer\" data-id=\"9a791fd\" data-element_type=\"widget\" data-e-type=\"widget\" data-widget_type=\"spacer.default\">\n\t\t\t\t<div class=\"elementor-widget-container\">\n\t\t\t\t\t\t\t<div class=\"elementor-spacer\">\n\t\t\t<div class=\"elementor-spacer-inner\"><\/div>\n\t\t<\/div>\n\t\t\t\t\t\t<\/div>\n\t\t\t\t<\/div>\n\t\t\t\t\t<\/div>\n\t\t\t\t<\/div>\n\t\t<div class=\"elementor-element elementor-element-1736836 e-con-full e-flex e-con e-parent\" data-id=\"1736836\" data-element_type=\"container\" data-e-type=\"container\" data-settings=\"{&quot;background_background&quot;:&quot;classic&quot;,&quot;_ha_eqh_enable&quot;:false}\">\n\t\t<div class=\"elementor-element elementor-element-9205ca5 e-con-full e-flex e-con e-parent\" data-id=\"9205ca5\" data-element_type=\"container\" data-e-type=\"container\" data-settings=\"{&quot;background_background&quot;:&quot;classic&quot;,&quot;_ha_eqh_enable&quot;:false}\">\n\t\t<div class=\"elementor-element elementor-element-2c2a330 e-con-full e-flex e-con e-parent\" data-id=\"2c2a330\" data-element_type=\"container\" data-e-type=\"container\" data-settings=\"{&quot;_ha_eqh_enable&quot;:false}\">\n\t\t\t\t<div class=\"elementor-element elementor-element-a4f8d2d elementor-widget elementor-widget-heading\" data-id=\"a4f8d2d\" data-element_type=\"widget\" data-e-type=\"widget\" data-widget_type=\"heading.default\">\n\t\t\t\t<div class=\"elementor-widget-container\">\n\t\t\t\t\t<h2 class=\"elementor-heading-title elementor-size-large\">Noch offene Fragen?<\/h2>\t\t\t\t<\/div>\n\t\t\t\t<\/div>\n\t\t\t\t<div class=\"elementor-element elementor-element-5d83d32 elementor-widget elementor-widget-text-editor\" data-id=\"5d83d32\" data-element_type=\"widget\" data-e-type=\"widget\" data-widget_type=\"text-editor.default\">\n\t\t\t\t<div class=\"elementor-widget-container\">\n\t\t\t\t\t\t\t\t\t<p style=\"text-align: center;\">Kontaktieren Sie uns gerne telefonisch.<\/p>\t\t\t\t\t\t\t\t<\/div>\n\t\t\t\t<\/div>\n\t\t\t\t<div class=\"elementor-element elementor-element-a4d1b83 elementor-widget elementor-widget-text-editor\" data-id=\"a4d1b83\" data-element_type=\"widget\" data-e-type=\"widget\" data-widget_type=\"text-editor.default\">\n\t\t\t\t<div class=\"elementor-widget-container\">\n\t\t\t\t\t\t\t\t\t<div class=\"ewa-rteLine\" style=\"text-align: center;\">Montag \u2013 Donnerstag 9.00 Uhr \u2013 17.00 Uhr<\/div><div style=\"text-align: center;\">\u00a0<\/div><div class=\"ewa-rteLine\" style=\"text-align: center;\">Freitag 9.00 Uhr \u2013 14.00 Uhr<\/div>\t\t\t\t\t\t\t\t<\/div>\n\t\t\t\t<\/div>\n\t\t\t\t<div class=\"elementor-element elementor-element-03b8a79 elementor-icon-list--layout-traditional elementor-list-item-link-full_width elementor-widget elementor-widget-icon-list\" data-id=\"03b8a79\" data-element_type=\"widget\" data-e-type=\"widget\" data-widget_type=\"icon-list.default\">\n\t\t\t\t<div class=\"elementor-widget-container\">\n\t\t\t\t\t\t\t<ul class=\"elementor-icon-list-items\">\n\t\t\t\t\t\t\t<li class=\"elementor-icon-list-item\">\n\t\t\t\t\t\t\t\t\t\t\t<a href=\"tel:+493677678233\">\n\n\t\t\t\t\t\t\t\t\t\t\t\t<span class=\"elementor-icon-list-icon\">\n\t\t\t\t\t\t\t<i aria-hidden=\"true\" class=\"fas fa-phone-alt\"><\/i>\t\t\t\t\t\t<\/span>\n\t\t\t\t\t\t\t\t\t\t<span class=\"elementor-icon-list-text\">+49 3677 6782-33<\/span>\n\t\t\t\t\t\t\t\t\t\t\t<\/a>\n\t\t\t\t\t\t\t\t\t<\/li>\n\t\t\t\t\t\t<\/ul>\n\t\t\t\t\t\t<\/div>\n\t\t\t\t<\/div>\n\t\t\t\t<\/div>\n\t\t\t\t<\/div>\n\t\t\t\t<\/div>\n\t\t\t\t<\/div>\n\t\t","protected":false},"excerpt":{"rendered":"<p>Ihre Fragen &#8211; unser Support Unser oberstes Ziel ist es, Sie optimal in der t\u00e4glichen Anwendung unserer Software zu betreuen. Bei Fragen oder Problemen stehen Ihnen unsere Experten gern beratend zur Verf\u00fcgung. Wir helfen Ihnen, die passende Antwort zu finden. Kunden unserer Vertriebspartner Der f\u00fcr Ihr Unternehmen zust\u00e4ndige Partner ist mit Ihren Vertr\u00e4gen und Ihrer [&hellip;]<\/p>\n","protected":false},"author":2,"featured_media":0,"parent":0,"menu_order":0,"comment_status":"closed","ping_status":"closed","template":"","meta":{"footnotes":""},"class_list":["post-11478","page","type-page","status-publish","hentry"],"_links":{"self":[{"href":"https:\/\/www.easterngraphics.com\/de\/wp-json\/wp\/v2\/pages\/11478","targetHints":{"allow":["GET"]}}],"collection":[{"href":"https:\/\/www.easterngraphics.com\/de\/wp-json\/wp\/v2\/pages"}],"about":[{"href":"https:\/\/www.easterngraphics.com\/de\/wp-json\/wp\/v2\/types\/page"}],"author":[{"embeddable":true,"href":"https:\/\/www.easterngraphics.com\/de\/wp-json\/wp\/v2\/users\/2"}],"replies":[{"embeddable":true,"href":"https:\/\/www.easterngraphics.com\/de\/wp-json\/wp\/v2\/comments?post=11478"}],"version-history":[{"count":27,"href":"https:\/\/www.easterngraphics.com\/de\/wp-json\/wp\/v2\/pages\/11478\/revisions"}],"predecessor-version":[{"id":18931,"href":"https:\/\/www.easterngraphics.com\/de\/wp-json\/wp\/v2\/pages\/11478\/revisions\/18931"}],"wp:attachment":[{"href":"https:\/\/www.easterngraphics.com\/de\/wp-json\/wp\/v2\/media?parent=11478"}],"curies":[{"name":"wp","href":"https:\/\/api.w.org\/{rel}","templated":true}]}}